{"id":1053,"date":"2024-05-15T11:48:09","date_gmt":"2024-05-15T11:48:09","guid":{"rendered":"https:\/\/empirindustry.se\/products-services\/"},"modified":"2025-11-10T10:19:22","modified_gmt":"2025-11-10T10:19:22","slug":"products-services","status":"publish","type":"page","link":"https:\/\/empirindustry.se\/en\/products-services\/","title":{"rendered":"Products &#038; Services"},"content":{"rendered":"\n<header class=\"qt-small-hero-1\">\n\t<p class=\"qt-breadcrumbs\"><span><span><a href=\"https:\/\/empirindustry.se\/en\/\">Home<\/a><\/span><\/span><\/p>\n\t<div class=\"qt-small-hero-2__background \" style=\"background-image: url(https:\/\/empirindustry.se\/wp-content\/uploads\/2024\/05\/empir-empty-factory.jpg)\">\n\t<\/div>\n\n\t\n\t<div class=\"qt-small-hero-1__wrapper\">\n\t\t<div class=\"qt-small-hero-1__text-container\">\n\t\t\t<h1>\n\t\t\t\tProducts &amp; Services\t\t\t<\/h1>\n\n\t\t\t<div>\n                <p>Efficiency, traceability and quality. Three words, which for us mean everything. Because this is exactly what we can ensure for you who work in the manufacturing industry.<\/p>\n\t\t\t<\/div>\n\t\t<\/div>\n\t<\/div>\n<\/header>\n\n\n<div class=\"qt-submenu\">\n\t<div class=\"qt-submenu__wrapper\">\n\t\t<ul class=\"qt-submenu__list\">\n\t\t\t\t\t\t\t\t\t\t\t\t<li class=\"qt-submenu__item\">\n\t\t\t\t\t\t<a\n\t\t\t\t\t\t\thref=\"https:\/\/empirindustry.se\/en\/products-services\/true-mes\/\"\n\t\t\t\t\t\t\tclass=\"qt-submenu__link \"\n\t\t\t\t\t\t>\n\t\t\t\t\t\t\tTRUE MES\t\t\t\t\t\t<\/a>\n\t\t\t\t\t<\/li>\n\t\t\t\t\t\t\t\t\t<li class=\"qt-submenu__item\">\n\t\t\t\t\t\t<a\n\t\t\t\t\t\t\thref=\"https:\/\/empirindustry.se\/en\/products-services\/true-insight\/\"\n\t\t\t\t\t\t\tclass=\"qt-submenu__link \"\n\t\t\t\t\t\t>\n\t\t\t\t\t\t\tTRUE Insight\t\t\t\t\t\t<\/a>\n\t\t\t\t\t<\/li>\n\t\t\t\t\t\t\t\t\t<li class=\"qt-submenu__item\">\n\t\t\t\t\t\t<a\n\t\t\t\t\t\t\thref=\"https:\/\/empirindustry.se\/en\/products-services\/true-ot-backup\/\"\n\t\t\t\t\t\t\tclass=\"qt-submenu__link \"\n\t\t\t\t\t\t>\n\t\t\t\t\t\t\tTRUE OT Backup\t\t\t\t\t\t<\/a>\n\t\t\t\t\t<\/li>\n\t\t\t\t\t\t\t\t\t<li class=\"qt-submenu__item\">\n\t\t\t\t\t\t<a\n\t\t\t\t\t\t\thref=\"https:\/\/empirindustry.se\/en\/products-services\/true-24-7\/\"\n\t\t\t\t\t\t\tclass=\"qt-submenu__link \"\n\t\t\t\t\t\t>\n\t\t\t\t\t\t\tTRUE 24\/7\t\t\t\t\t\t<\/a>\n\t\t\t\t\t<\/li>\n\t\t\t\t\t\t\t\t\t<li class=\"qt-submenu__item\">\n\t\t\t\t\t\t<a\n\t\t\t\t\t\t\thref=\"https:\/\/empirindustry.se\/en\/products-services\/true-availability\/\"\n\t\t\t\t\t\t\tclass=\"qt-submenu__link \"\n\t\t\t\t\t\t>\n\t\t\t\t\t\t\tTRUE Availability\t\t\t\t\t\t<\/a>\n\t\t\t\t\t<\/li>\n\t\t\t\t\t\t\t\t\t<li class=\"qt-submenu__item\">\n\t\t\t\t\t\t<a\n\t\t\t\t\t\t\thref=\"https:\/\/empirindustry.se\/en\/products-services\/true-factory-support\/\"\n\t\t\t\t\t\t\tclass=\"qt-submenu__link \"\n\t\t\t\t\t\t>\n\t\t\t\t\t\t\tTRUE IT\/OT Support\t\t\t\t\t\t<\/a>\n\t\t\t\t\t<\/li>\n\t\t\t\t\t\t\t\t\t<\/ul>\n\t<\/div>\n<\/div>\n\n\n<div class=\"qt-true-ctas qt-true-ctas--white qt-padding--top-medium qt-padding--bottom-medium\">\n\t<div class=\"qt-true-ctas__wrapper\">\n\t\t<div>\n\t\t\t<img decoding=\"async\" src=\"https:\/\/empirindustry.se\/wp-content\/uploads\/2024\/05\/Group-399.png\" alt=\"\" \/>\n\t\t<\/div>\n\n\t\t<hr class=\"qt-true-ctas__separator\"\/>\n\n\t\t<div>\n\t\t\t\t\t\t\t<div class=\"qt-true-ctas__ctas\">\n\t\t\t\t\t\t\t\t\t\t\t<div class=\"qt-true-ctas__cta\">\n\t\t\t\t\t\t\t\t\t\t\t\t\t\t\t<h2 class=\"qt-true-ctas__title\">\n\t\t\t\t\t\t\t\t\tTRUE MES\t\t\t\t\t\t\t\t<\/h2>\n\t\t\t\t\t\t\t\n\t\t\t\t\t\t\t\t\t\t\t\t\t\t\t<p class=\"qt-true-ctas__text\">\n\t\t\t\t\t\t\t\t\tOptimize your manufacturing process with our advanced MES system that optimizes production flow and increases efficiency.\t\t\t\t\t\t\t\t<\/p>\n\t\t\t\t\t\t\t\n\t\t\t\t\t\t\t\t\t\t\t\t\t\t\t\t\t\t\t\t\t\t<a\n\t\t\t\t\t\t\t\t\thref=\"https:\/\/empirindustry.se\/en\/products-services\/true-mes\/\"\n\t\t\t\t\t\t\t\t\tclass=\"qt-button qt-button--yellow\"\n\t\t\t\t\t\t\t\t>\n\t\t\t\t\t\t\t\t\tRead more\t\t\t\t\t\t\t\t<\/a>\n\t\t\t\t\t\t\t\t\t\t\t\t\t<\/div>\n\t\t\t\t\t\t\t\t\t\t\t<div class=\"qt-true-ctas__cta\">\n\t\t\t\t\t\t\t\t\t\t\t\t\t\t\t<h2 class=\"qt-true-ctas__title\">\n\t\t\t\t\t\t\t\t\tTRUE Insight\t\t\t\t\t\t\t\t<\/h2>\n\t\t\t\t\t\t\t\n\t\t\t\t\t\t\t\t\t\t\t\t\t\t\t<p class=\"qt-true-ctas__text\">\n\t\t\t\t\t\t\t\t\tOur in-depth analyzes identify opportunities for improvement and efficiency in your production.\t\t\t\t\t\t\t\t<\/p>\n\t\t\t\t\t\t\t\n\t\t\t\t\t\t\t\t\t\t\t\t\t\t\t\t\t\t\t\t\t\t<a\n\t\t\t\t\t\t\t\t\thref=\"https:\/\/empirindustry.se\/en\/products-services\/true-insight\/\"\n\t\t\t\t\t\t\t\t\tclass=\"qt-button qt-button--yellow\"\n\t\t\t\t\t\t\t\t>\n\t\t\t\t\t\t\t\t\tRead more\t\t\t\t\t\t\t\t<\/a>\n\t\t\t\t\t\t\t\t\t\t\t\t\t<\/div>\n\t\t\t\t\t\t\t\t\t<\/div>\n\t\t\t\t\t<\/div>\n\t<\/div>\n<\/div>\n\n\n<div class=\"qt-true-ctas qt-true-ctas--light-grey qt-padding--top-medium qt-padding--bottom-medium\">\n\t<div class=\"qt-true-ctas__wrapper\">\n\t\t<div>\n\t\t\t<img decoding=\"async\" src=\"https:\/\/empirindustry.se\/wp-content\/uploads\/2024\/05\/True_operational.png\" alt=\"\" \/>\n\t\t<\/div>\n\n\t\t<hr class=\"qt-true-ctas__separator\"\/>\n\n\t\t<div>\n\t\t\t\t\t\t\t<div class=\"qt-true-ctas__ctas\">\n\t\t\t\t\t\t\t\t\t\t\t<div class=\"qt-true-ctas__cta\">\n\t\t\t\t\t\t\t\t\t\t\t\t\t\t\t<h2 class=\"qt-true-ctas__title\">\n\t\t\t\t\t\t\t\t\tTRUE Availability\t\t\t\t\t\t\t\t<\/h2>\n\t\t\t\t\t\t\t\n\t\t\t\t\t\t\t\t\t\t\t\t\t\t\t<p class=\"qt-true-ctas__text\">\n\t\t\t\t\t\t\t\t\tOur service TRUE Availability is a complete concept for modern logistics operations. It is tailored to take care of all your IT hosting, network infrastructure, and IT operations.\t\t\t\t\t\t\t\t<\/p>\n\t\t\t\t\t\t\t\n\t\t\t\t\t\t\t\t\t\t\t\t\t\t\t\t\t\t\t\t\t\t<a\n\t\t\t\t\t\t\t\t\thref=\"https:\/\/empirindustry.se\/en\/products-services\/true-availability\/\"\n\t\t\t\t\t\t\t\t\tclass=\"qt-button qt-button--yellow\"\n\t\t\t\t\t\t\t\t>\n\t\t\t\t\t\t\t\t\tRead more\t\t\t\t\t\t\t\t<\/a>\n\t\t\t\t\t\t\t\t\t\t\t\t\t<\/div>\n\t\t\t\t\t\t\t\t\t\t\t<div class=\"qt-true-ctas__cta\">\n\t\t\t\t\t\t\t\t\t\t\t\t\t\t\t<h2 class=\"qt-true-ctas__title\">\n\t\t\t\t\t\t\t\t\tTRUE 24\/7\t\t\t\t\t\t\t\t<\/h2>\n\t\t\t\t\t\t\t\n\t\t\t\t\t\t\t\t\t\t\t\t\t\t\t<p class=\"qt-true-ctas__text\">\n\t\t\t\t\t\t\t\t\tWe strengthen our own IT department, support with staffing and preparedness where our own resources run out. \t\t\t\t\t\t\t\t<\/p>\n\t\t\t\t\t\t\t\n\t\t\t\t\t\t\t\t\t\t\t\t\t\t\t\t\t\t\t\t\t\t<a\n\t\t\t\t\t\t\t\t\thref=\"https:\/\/empirindustry.se\/en\/products-services\/true-24-7\/\"\n\t\t\t\t\t\t\t\t\tclass=\"qt-button qt-button--yellow\"\n\t\t\t\t\t\t\t\t>\n\t\t\t\t\t\t\t\t\tRead more\t\t\t\t\t\t\t\t<\/a>\n\t\t\t\t\t\t\t\t\t\t\t\t\t<\/div>\n\t\t\t\t\t\t\t\t\t\t\t<div class=\"qt-true-ctas__cta\">\n\t\t\t\t\t\t\t\t\t\t\t\t\t\t\t<h2 class=\"qt-true-ctas__title\">\n\t\t\t\t\t\t\t\t\tTRUE OT-backup\t\t\t\t\t\t\t\t<\/h2>\n\t\t\t\t\t\t\t\n\t\t\t\t\t\t\t\t\t\t\t\t\t\t\t<p class=\"qt-true-ctas__text\">\n\t\t\t\t\t\t\t\t\tSecure and quality-assure your production chain with our traceability system that provides complete visibility into the manufacturing process.\t\t\t\t\t\t\t\t<\/p>\n\t\t\t\t\t\t\t\n\t\t\t\t\t\t\t\t\t\t\t\t\t\t\t\t\t\t\t\t\t\t<a\n\t\t\t\t\t\t\t\t\thref=\"https:\/\/empirindustry.se\/en\/products-services\/true-ot-backup\/\"\n\t\t\t\t\t\t\t\t\tclass=\"qt-button qt-button--yellow\"\n\t\t\t\t\t\t\t\t>\n\t\t\t\t\t\t\t\t\tRead more\t\t\t\t\t\t\t\t<\/a>\n\t\t\t\t\t\t\t\t\t\t\t\t\t<\/div>\n\t\t\t\t\t\t\t\t\t\t\t<div class=\"qt-true-ctas__cta\">\n\t\t\t\t\t\t\t\t\t\t\t\t\t\t\t<h2 class=\"qt-true-ctas__title\">\n\t\t\t\t\t\t\t\t\tTRUE Factory Support\t\t\t\t\t\t\t\t<\/h2>\n\t\t\t\t\t\t\t\n\t\t\t\t\t\t\t\t\t\t\t\t\t\t\t<p class=\"qt-true-ctas__text\">\n\t\t\t\t\t\t\t\t\tGet peace of mind and fast assistance for your factory with our professional support service available to solve problems and provide guidance when you need it most.\t\t\t\t\t\t\t\t<\/p>\n\t\t\t\t\t\t\t\n\t\t\t\t\t\t\t\t\t\t\t\t\t\t\t\t\t\t\t\t\t\t<a\n\t\t\t\t\t\t\t\t\thref=\"https:\/\/empirindustry.se\/en\/products-services\/true-factory-support\/\"\n\t\t\t\t\t\t\t\t\tclass=\"qt-button qt-button--yellow\"\n\t\t\t\t\t\t\t\t>\n\t\t\t\t\t\t\t\t\tRead more\t\t\t\t\t\t\t\t<\/a>\n\t\t\t\t\t\t\t\t\t\t\t\t\t<\/div>\n\t\t\t\t\t\t\t\t\t<\/div>\n\t\t\t\t\t<\/div>\n\t<\/div>\n<\/div>\n\n\n<div class=\"qt-text-w-image qt-text-w-image--right qt-text-w-image--white qt-padding--top-medium qt-padding--bottom-medium\">\n\t<div class=\"qt-text-w-image__left\">\n\t\t<div class=\"qt-text-w-image__image \">\n\t\t\t<img\n\t\t\t\tsrc=\"https:\/\/empirindustry.se\/wp-content\/uploads\/2024\/04\/empir_industry_happy.jpg\"\n\t\t\t\talt=\"\"\n\t\t\t\/>\n\n\t\t\t\t\t<\/div>\n\t<\/div>\n\n\t<div class=\"qt-text-w-image__right\">\n\t\t<h2 class=\"qt-text-w-image__title\">\n\t\t\tYour business is unique\t\t<\/h2>\n\n\t\t<div class=\"qt-text-w-image__text\">\n\t\t\t<p>With a full understanding of this, we can create the most efficient and competitive solution possible. But it&#8217;s not just about getting a better solution &#8211; but the right solution. For your production, here and now. But also for your entire business, in the long term. <em>True longevity<\/em>, simply put.<\/p>\n<p>With proven effective products and services, including automated production lines and advanced data-driven analysis, we shape the solution that increases productivity in your particular factory. In this way, we promote our main driving force \u2013 to keep manufacturing in the Nordics.<\/p>\n\t\t<\/div>\n\n\t\t<div class=\"qt-text-w-image__cta\">\n\t\t\t\t\t<\/div>\n\t<\/div>\n<\/div>\n\n\n<div class=\"qt-text-w-image qt-text-w-image--left qt-text-w-image--light-grey qt-padding--top-medium qt-padding--bottom-medium\">\n\t<div class=\"qt-text-w-image__left\">\n\t\t<div class=\"qt-text-w-image__image \">\n\t\t\t<img\n\t\t\t\tsrc=\"https:\/\/empirindustry.se\/wp-content\/uploads\/2024\/04\/empir_industry_w.jpg\"\n\t\t\t\talt=\"\"\n\t\t\t\/>\n\n\t\t\t\t\t<\/div>\n\t<\/div>\n\n\t<div class=\"qt-text-w-image__right\">\n\t\t<h2 class=\"qt-text-w-image__title\">\n\t\t\tIndustry 4.0 &amp; Internet of Things\t\t<\/h2>\n\n\t\t<div class=\"qt-text-w-image__text\">\n\t\t\t<p>Our platforms and systems have been developed in line with the most current Industry 4.0 and Internet of Things (IoT) concepts. For 20 years, we have created smart factories, and now we are also connecting the factories&#8217; systems to the cloud. With this comes great advantages, where we can, among other things, create production processes with greater flexibility and self-control.<\/p>\n<p>Manufacturing is becoming more and more automated but must, just as before, function in tough production environments where the demands on availability and reliability are high. To meet these demands, we combine new opportunities and traditional technology with our expertise, which comes from many years in the industry. <em>True progression<\/em>, simply put.<\/p>\n\t\t<\/div>\n\n\t\t<div class=\"qt-text-w-image__cta\">\n\t\t\t\t\t<\/div>\n\t<\/div>\n<\/div>\n\n\n<section class=\"qt-puffs\">\n\t<div class=\"qt-puffs__container\">\n\t\t<h2 class=\"qt-puffs__title\">Why Empir Industry?<\/h2>\n\t\t<div class=\"qt-puffs__content\">\n\t\t\t\t\t\t\t\t\t\t\t\t<div class=\"qt-puffs__item\">\n\t\t\t\t\t\t<div class=\"qt-puffs__item-content\">\n\t\t\t\t\t\t\t<img decoding=\"async\" src=\"https:\/\/empirindustry.se\/wp-content\/uploads\/2024\/05\/Factory.png\" alt=\"Industry in focus since 1999\" class=\"qt-puffs__icon\">\n\n\t\t\t\t\t\t\t<h3 class=\"qt-puffs__item-title\">Industry in focus since 1999<\/h3>\n\n\t\t\t\t\t\t\t<div class=\"qt-puffs__item-text\">\n\t\t\t\t\t\t\t\t<p>Since the start in 1999, IT for the manufacturing industry has been our core business. Our high competence in IT combined with deep knowledge of production and manufacturing makes us unique. With our long experience, we are ready to take you to the next level of smart solutions and efficiency.<\/p>\n\t\t\t\t\t\t\t<\/div>\n\t\t\t\t\t\t<\/div>\n\n\t\t\t\t\t\t<a href=\"https:\/\/empirindustry.se\/en\/about-us\/\" class=\"qt-button qt-button--yellow\">\n\t\t\t\t\t\t\tRead more\t\t\t\t\t\t<\/a>\n\t\t\t\t\t<\/div>\n\t\t\t\t\t\t\t\t\t<div class=\"qt-puffs__item\">\n\t\t\t\t\t\t<div class=\"qt-puffs__item-content\">\n\t\t\t\t\t\t\t<img decoding=\"async\" src=\"https:\/\/empirindustry.se\/wp-content\/uploads\/2024\/05\/Idea-Sharing.png\" alt=\"Always close to expert knowledge\" class=\"qt-puffs__icon\">\n\n\t\t\t\t\t\t\t<h3 class=\"qt-puffs__item-title\">Always close to expert knowledge<\/h3>\n\n\t\t\t\t\t\t\t<div class=\"qt-puffs__item-text\">\n\t\t\t\t\t\t\t\t<p>For us, the collaboration does not end with a delivered IT system or service. Empir Industry becomes a long-term partner who supports and gives advice for operation and further development. In our relationship, the expert knowledge of our IT consultants is always close and available.<\/p>\n\t\t\t\t\t\t\t<\/div>\n\t\t\t\t\t\t<\/div>\n\n\t\t\t\t\t\t<a href=\"https:\/\/empirindustry.se\/en\/about-us\/\" class=\"qt-button qt-button--yellow\">\n\t\t\t\t\t\t\tRead more\t\t\t\t\t\t<\/a>\n\t\t\t\t\t<\/div>\n\t\t\t\t\t\t\t\t\t<div class=\"qt-puffs__item\">\n\t\t\t\t\t\t<div class=\"qt-puffs__item-content\">\n\t\t\t\t\t\t\t<img decoding=\"async\" src=\"https:\/\/empirindustry.se\/wp-content\/uploads\/2024\/05\/Goal.png\" alt=\"With a clear goal\" class=\"qt-puffs__icon\">\n\n\t\t\t\t\t\t\t<h3 class=\"qt-puffs__item-title\">With a clear goal<\/h3>\n\n\t\t\t\t\t\t\t<div class=\"qt-puffs__item-text\">\n\t\t\t\t\t\t\t\t<p>We have the goal of using IT to increase our customers&#8217; competitiveness and thus be able to maintain the manufacturing industry in the Nordics. We develop our products and services to streamline manufacturing processes and create higher availability in production.<\/p>\n\t\t\t\t\t\t\t<\/div>\n\t\t\t\t\t\t<\/div>\n\n\t\t\t\t\t\t<a href=\"https:\/\/empirindustry.se\/en\/about-us\/\" class=\"qt-button qt-button--yellow\">\n\t\t\t\t\t\t\tRead more\t\t\t\t\t\t<\/a>\n\t\t\t\t\t<\/div>\n\t\t\t\t\t\t\t\t\t<\/div>\n\t<\/div>\n<\/section>\n\n\n<div class=\"qt-cta\">\n\t<div class=\"qt-cta__wrapper\">\n\t\t<h2 class=\"qt-cta__title\">\n\t\t\tGet started!\t\t<\/h2>\n\n\t\t<div class=\"qt-cta__text\">\n            <div class=\"qt-cta__text\">\n<p>Contact us to get answers to all your questions, the IT support you need, and deeper insight into our products and services.<\/p>\n<\/div>\n\t\t<\/div>\n\n\t\t\t\t<a href=\"https:\/\/empirindustry.se\/en\/contact-us\/\" class=\"qt-button qt-button--yellow\">\n\t\t\tContact us\t\t<\/a>\n\t<\/div>\n<\/div>","protected":false},"excerpt":{"rendered":"","protected":false},"author":1,"featured_media":121,"parent":0,"menu_order":0,"comment_status":"closed","ping_status":"closed","template":"","meta":{"_acf_changed":false,"footnotes":""},"class_list":["post-1053","page","type-page","status-publish","has-post-thumbnail","hentry"],"acf":[],"yoast_head":"<!-- This site is optimized with the Yoast SEO Premium plugin v27.3 (Yoast SEO v27.3) - https:\/\/yoast.com\/product\/yoast-seo-premium-wordpress\/ -->\n<title>Products &amp; Services - Empir Industry<\/title>\n<meta name=\"robots\" content=\"index, follow, max-snippet:-1, max-image-preview:large, max-video-preview:-1\" \/>\n<link rel=\"canonical\" href=\"https:\/\/empirindustry.se\/en\/products-services\/\" \/>\n<meta property=\"og:locale\" content=\"en_US\" \/>\n<meta property=\"og:type\" content=\"article\" \/>\n<meta property=\"og:title\" content=\"Products &amp; Services\" \/>\n<meta property=\"og:url\" content=\"https:\/\/empirindustry.se\/en\/products-services\/\" \/>\n<meta property=\"og:site_name\" content=\"Empir Industry\" \/>\n<meta property=\"article:modified_time\" content=\"2025-11-10T10:19:22+00:00\" \/>\n<meta property=\"og:image\" content=\"https:\/\/empirindustry.se\/wp-content\/uploads\/2024\/04\/empir_industry_worker_digital.jpg\" \/>\n\t<meta property=\"og:image:width\" content=\"726\" \/>\n\t<meta property=\"og:image:height\" content=\"540\" \/>\n\t<meta property=\"og:image:type\" content=\"image\/jpeg\" \/>\n<meta name=\"twitter:card\" content=\"summary_large_image\" \/>\n<meta name=\"twitter:label1\" content=\"Est. reading time\" \/>\n\t<meta name=\"twitter:data1\" content=\"5 minutes\" \/>\n<script type=\"application\/ld+json\" class=\"yoast-schema-graph\">{\"@context\":\"https:\\\/\\\/schema.org\",\"@graph\":[{\"@type\":\"WebPage\",\"@id\":\"https:\\\/\\\/empirindustry.se\\\/en\\\/products-services\\\/\",\"url\":\"https:\\\/\\\/empirindustry.se\\\/en\\\/products-services\\\/\",\"name\":\"Products & Services - Empir Industry\",\"isPartOf\":{\"@id\":\"https:\\\/\\\/empirindustry.se\\\/en\\\/#website\"},\"primaryImageOfPage\":{\"@id\":\"https:\\\/\\\/empirindustry.se\\\/en\\\/products-services\\\/#primaryimage\"},\"image\":{\"@id\":\"https:\\\/\\\/empirindustry.se\\\/en\\\/products-services\\\/#primaryimage\"},\"thumbnailUrl\":\"https:\\\/\\\/empirindustry.se\\\/wp-content\\\/uploads\\\/2024\\\/04\\\/empir_industry_worker_digital.jpg\",\"datePublished\":\"2024-05-15T11:48:09+00:00\",\"dateModified\":\"2025-11-10T10:19:22+00:00\",\"breadcrumb\":{\"@id\":\"https:\\\/\\\/empirindustry.se\\\/en\\\/products-services\\\/#breadcrumb\"},\"inLanguage\":\"en-US\",\"potentialAction\":[{\"@type\":\"ReadAction\",\"target\":[\"https:\\\/\\\/empirindustry.se\\\/en\\\/products-services\\\/\"]}]},{\"@type\":\"ImageObject\",\"inLanguage\":\"en-US\",\"@id\":\"https:\\\/\\\/empirindustry.se\\\/en\\\/products-services\\\/#primaryimage\",\"url\":\"https:\\\/\\\/empirindustry.se\\\/wp-content\\\/uploads\\\/2024\\\/04\\\/empir_industry_worker_digital.jpg\",\"contentUrl\":\"https:\\\/\\\/empirindustry.se\\\/wp-content\\\/uploads\\\/2024\\\/04\\\/empir_industry_worker_digital.jpg\",\"width\":726,\"height\":540,\"caption\":\"xr:d:DAF9b0ULXbE:26,j:3361231425634973856,t:24022912\"},{\"@type\":\"BreadcrumbList\",\"@id\":\"https:\\\/\\\/empirindustry.se\\\/en\\\/products-services\\\/#breadcrumb\",\"itemListElement\":[{\"@type\":\"ListItem\",\"position\":1,\"name\":\"Home\",\"item\":\"https:\\\/\\\/empirindustry.se\\\/en\\\/\"},{\"@type\":\"ListItem\",\"position\":2,\"name\":\"Products &#038; Services\"}]},{\"@type\":\"WebSite\",\"@id\":\"https:\\\/\\\/empirindustry.se\\\/en\\\/#website\",\"url\":\"https:\\\/\\\/empirindustry.se\\\/en\\\/\",\"name\":\"Empir Industry\",\"description\":\"\",\"publisher\":{\"@id\":\"https:\\\/\\\/empirindustry.se\\\/en\\\/#organization\"},\"potentialAction\":[{\"@type\":\"SearchAction\",\"target\":{\"@type\":\"EntryPoint\",\"urlTemplate\":\"https:\\\/\\\/empirindustry.se\\\/en\\\/?s={search_term_string}\"},\"query-input\":{\"@type\":\"PropertyValueSpecification\",\"valueRequired\":true,\"valueName\":\"search_term_string\"}}],\"inLanguage\":\"en-US\"},{\"@type\":[\"Organization\",\"Place\"],\"@id\":\"https:\\\/\\\/empirindustry.se\\\/en\\\/#organization\",\"name\":\"Empir Industry\",\"alternateName\":\"Empir\",\"url\":\"https:\\\/\\\/empirindustry.se\\\/en\\\/\",\"logo\":{\"@id\":\"https:\\\/\\\/empirindustry.se\\\/en\\\/products-services\\\/#local-main-organization-logo\"},\"image\":{\"@id\":\"https:\\\/\\\/empirindustry.se\\\/en\\\/products-services\\\/#local-main-organization-logo\"},\"sameAs\":[\"https:\\\/\\\/www.linkedin.com\\\/company\\\/empir-industry\\\/\"],\"description\":\"Empir Industry - Vi bygger mjukvara f\u00f6r smarta fabriker Med kompetens inom IT och unik kunskap inom tillverkning, produktion och lager levererar Empir Industry moderna produkter och tj\u00e4nster som effektiviserar produktionen hos tillverkande industri. Vi vet varf\u00f6r. Med ett tydligt varf\u00f6r - att beh\u00e5lla den tillverkande industrin i Norden, utvecklar vi v\u00e5ra tj\u00e4nster. Alla med den gemensamma n\u00e4mnaren att skapa smarta fabriker. V\u00e5ra kunder ska st\u00e4lla h\u00f6ga krav. Lika m\u00e5nga unika l\u00f6sningar vi levererar, lika m\u00e5nga unika behov uppfyller vi. V\u00e5ra kunder \u00e4r tillverkande f\u00f6retag inom vitt skilda omr\u00e5den, det st\u00e4ller h\u00f6ga krav p\u00e5 oss som leverant\u00f6rer. Vi har kunder som verkar inom allt fr\u00e5n fordonsindustrin och resebranschen till verksamheter inom sport och fritid. Med kunder p\u00e5 en internationell marknad bedriver vi v\u00e5r verksamhet fr\u00e5n kontoren i G\u00f6teborg, Uddevalla, Trollh\u00e4ttan, Vara, Sk\u00f6vde, Link\u00f6ping, \u00d6rebro och Olofstr\u00f6m.\",\"legalName\":\"Empir Industry AB\",\"foundingDate\":\"2016-10-17\",\"duns\":\"353014861\",\"numberOfEmployees\":{\"@type\":\"QuantitativeValue\",\"minValue\":\"51\",\"maxValue\":\"200\"},\"telephone\":[],\"openingHoursSpecification\":[{\"@type\":\"OpeningHoursSpecification\",\"dayOfWeek\":[\"Monday\",\"Tuesday\",\"Wednesday\",\"Thursday\",\"Friday\",\"Saturday\",\"Sunday\"],\"opens\":\"09:00\",\"closes\":\"17:00\"}]},{\"@type\":\"ImageObject\",\"inLanguage\":\"en-US\",\"@id\":\"https:\\\/\\\/empirindustry.se\\\/en\\\/products-services\\\/#local-main-organization-logo\",\"url\":\"https:\\\/\\\/empirindustry.se\\\/wp-content\\\/uploads\\\/2024\\\/10\\\/empir_logo.webp\",\"contentUrl\":\"https:\\\/\\\/empirindustry.se\\\/wp-content\\\/uploads\\\/2024\\\/10\\\/empir_logo.webp\",\"width\":576,\"height\":464,\"caption\":\"Empir Industry\"}]}<\/script>\n<!-- \/ Yoast SEO Premium plugin. -->","yoast_head_json":{"title":"Products & Services - Empir Industry","robots":{"index":"index","follow":"follow","max-snippet":"max-snippet:-1","max-image-preview":"max-image-preview:large","max-video-preview":"max-video-preview:-1"},"canonical":"https:\/\/empirindustry.se\/en\/products-services\/","og_locale":"en_US","og_type":"article","og_title":"Products & Services","og_url":"https:\/\/empirindustry.se\/en\/products-services\/","og_site_name":"Empir Industry","article_modified_time":"2025-11-10T10:19:22+00:00","og_image":[{"width":726,"height":540,"url":"https:\/\/empirindustry.se\/wp-content\/uploads\/2024\/04\/empir_industry_worker_digital.jpg","type":"image\/jpeg"}],"twitter_card":"summary_large_image","twitter_misc":{"Est. reading time":"5 minutes"},"schema":{"@context":"https:\/\/schema.org","@graph":[{"@type":"WebPage","@id":"https:\/\/empirindustry.se\/en\/products-services\/","url":"https:\/\/empirindustry.se\/en\/products-services\/","name":"Products & Services - Empir Industry","isPartOf":{"@id":"https:\/\/empirindustry.se\/en\/#website"},"primaryImageOfPage":{"@id":"https:\/\/empirindustry.se\/en\/products-services\/#primaryimage"},"image":{"@id":"https:\/\/empirindustry.se\/en\/products-services\/#primaryimage"},"thumbnailUrl":"https:\/\/empirindustry.se\/wp-content\/uploads\/2024\/04\/empir_industry_worker_digital.jpg","datePublished":"2024-05-15T11:48:09+00:00","dateModified":"2025-11-10T10:19:22+00:00","breadcrumb":{"@id":"https:\/\/empirindustry.se\/en\/products-services\/#breadcrumb"},"inLanguage":"en-US","potentialAction":[{"@type":"ReadAction","target":["https:\/\/empirindustry.se\/en\/products-services\/"]}]},{"@type":"ImageObject","inLanguage":"en-US","@id":"https:\/\/empirindustry.se\/en\/products-services\/#primaryimage","url":"https:\/\/empirindustry.se\/wp-content\/uploads\/2024\/04\/empir_industry_worker_digital.jpg","contentUrl":"https:\/\/empirindustry.se\/wp-content\/uploads\/2024\/04\/empir_industry_worker_digital.jpg","width":726,"height":540,"caption":"xr:d:DAF9b0ULXbE:26,j:3361231425634973856,t:24022912"},{"@type":"BreadcrumbList","@id":"https:\/\/empirindustry.se\/en\/products-services\/#breadcrumb","itemListElement":[{"@type":"ListItem","position":1,"name":"Home","item":"https:\/\/empirindustry.se\/en\/"},{"@type":"ListItem","position":2,"name":"Products &#038; Services"}]},{"@type":"WebSite","@id":"https:\/\/empirindustry.se\/en\/#website","url":"https:\/\/empirindustry.se\/en\/","name":"Empir Industry","description":"","publisher":{"@id":"https:\/\/empirindustry.se\/en\/#organization"},"potentialAction":[{"@type":"SearchAction","target":{"@type":"EntryPoint","urlTemplate":"https:\/\/empirindustry.se\/en\/?s={search_term_string}"},"query-input":{"@type":"PropertyValueSpecification","valueRequired":true,"valueName":"search_term_string"}}],"inLanguage":"en-US"},{"@type":["Organization","Place"],"@id":"https:\/\/empirindustry.se\/en\/#organization","name":"Empir Industry","alternateName":"Empir","url":"https:\/\/empirindustry.se\/en\/","logo":{"@id":"https:\/\/empirindustry.se\/en\/products-services\/#local-main-organization-logo"},"image":{"@id":"https:\/\/empirindustry.se\/en\/products-services\/#local-main-organization-logo"},"sameAs":["https:\/\/www.linkedin.com\/company\/empir-industry\/"],"description":"Empir Industry - Vi bygger mjukvara f\u00f6r smarta fabriker Med kompetens inom IT och unik kunskap inom tillverkning, produktion och lager levererar Empir Industry moderna produkter och tj\u00e4nster som effektiviserar produktionen hos tillverkande industri. Vi vet varf\u00f6r. Med ett tydligt varf\u00f6r - att beh\u00e5lla den tillverkande industrin i Norden, utvecklar vi v\u00e5ra tj\u00e4nster. Alla med den gemensamma n\u00e4mnaren att skapa smarta fabriker. V\u00e5ra kunder ska st\u00e4lla h\u00f6ga krav. Lika m\u00e5nga unika l\u00f6sningar vi levererar, lika m\u00e5nga unika behov uppfyller vi. V\u00e5ra kunder \u00e4r tillverkande f\u00f6retag inom vitt skilda omr\u00e5den, det st\u00e4ller h\u00f6ga krav p\u00e5 oss som leverant\u00f6rer. Vi har kunder som verkar inom allt fr\u00e5n fordonsindustrin och resebranschen till verksamheter inom sport och fritid. Med kunder p\u00e5 en internationell marknad bedriver vi v\u00e5r verksamhet fr\u00e5n kontoren i G\u00f6teborg, Uddevalla, Trollh\u00e4ttan, Vara, Sk\u00f6vde, Link\u00f6ping, \u00d6rebro och Olofstr\u00f6m.","legalName":"Empir Industry AB","foundingDate":"2016-10-17","duns":"353014861","numberOfEmployees":{"@type":"QuantitativeValue","minValue":"51","maxValue":"200"},"telephone":[],"openingHoursSpecification":[{"@type":"OpeningHoursSpecification","dayOfWeek":["Monday","Tuesday","Wednesday","Thursday","Friday","Saturday","Sunday"],"opens":"09:00","closes":"17:00"}]},{"@type":"ImageObject","inLanguage":"en-US","@id":"https:\/\/empirindustry.se\/en\/products-services\/#local-main-organization-logo","url":"https:\/\/empirindustry.se\/wp-content\/uploads\/2024\/10\/empir_logo.webp","contentUrl":"https:\/\/empirindustry.se\/wp-content\/uploads\/2024\/10\/empir_logo.webp","width":576,"height":464,"caption":"Empir Industry"}]}},"_links":{"self":[{"href":"https:\/\/empirindustry.se\/en\/wp-json\/wp\/v2\/pages\/1053","targetHints":{"allow":["GET"]}}],"collection":[{"href":"https:\/\/empirindustry.se\/en\/wp-json\/wp\/v2\/pages"}],"about":[{"href":"https:\/\/empirindustry.se\/en\/wp-json\/wp\/v2\/types\/page"}],"author":[{"embeddable":true,"href":"https:\/\/empirindustry.se\/en\/wp-json\/wp\/v2\/users\/1"}],"replies":[{"embeddable":true,"href":"https:\/\/empirindustry.se\/en\/wp-json\/wp\/v2\/comments?post=1053"}],"version-history":[{"count":17,"href":"https:\/\/empirindustry.se\/en\/wp-json\/wp\/v2\/pages\/1053\/revisions"}],"predecessor-version":[{"id":4816,"href":"https:\/\/empirindustry.se\/en\/wp-json\/wp\/v2\/pages\/1053\/revisions\/4816"}],"wp:featuredmedia":[{"embeddable":true,"href":"https:\/\/empirindustry.se\/en\/wp-json\/wp\/v2\/media\/121"}],"wp:attachment":[{"href":"https:\/\/empirindustry.se\/en\/wp-json\/wp\/v2\/media?parent=1053"}],"curies":[{"name":"wp","href":"https:\/\/api.w.org\/{rel}","templated":true}]}}