{"id":1057,"date":"2024-05-15T11:32:02","date_gmt":"2024-05-15T11:32:02","guid":{"rendered":"https:\/\/empirindustry.se\/industries\/"},"modified":"2024-06-25T10:07:50","modified_gmt":"2024-06-25T10:07:50","slug":"industries","status":"publish","type":"page","link":"https:\/\/empirindustry.se\/en\/industries\/","title":{"rendered":"Industries"},"content":{"rendered":"\n<header class=\"qt-small-hero-1\">\n\t<p class=\"qt-breadcrumbs\"><span><span><a href=\"https:\/\/empirindustry.se\/en\/\">Home<\/a><\/span><\/span><\/p>\n\t<div class=\"qt-small-hero-2__background \" style=\"background-image: url(https:\/\/empirindustry.se\/wp-content\/uploads\/2024\/05\/empir-empty-factory.jpg)\">\n\t<\/div>\n\n\t\n\t<div class=\"qt-small-hero-1__wrapper\">\n\t\t<div class=\"qt-small-hero-1__text-container\">\n\t\t\t<h1>\n\t\t\t\tIndustries\t\t\t<\/h1>\n\n\t\t\t<div>\n                <p>We build and support software that strengthens factories in the Nordics &#8211; regardless of industry. All our customers receive a connected and data-driven business environment with strong economic and competitive advantages.<\/p>\n\t\t\t<\/div>\n\t\t<\/div>\n\t<\/div>\n<\/header>\n<div class=\"qt-submenu\">\n\t<div class=\"qt-submenu__wrapper\">\n\t\t<ul class=\"qt-submenu__list\">\n\t\t\t\t\t\t\t\t\t\t\t\t<li class=\"qt-submenu__item\">\n\t\t\t\t\t\t<a\n\t\t\t\t\t\t\thref=\"https:\/\/empirindustry.se\/en\/industries\/process\/\"\n\t\t\t\t\t\t\tclass=\"qt-submenu__link \"\n\t\t\t\t\t\t>\n\t\t\t\t\t\t\tProcess\t\t\t\t\t\t<\/a>\n\t\t\t\t\t<\/li>\n\t\t\t\t\t\t\t\t\t<li class=\"qt-submenu__item\">\n\t\t\t\t\t\t<a\n\t\t\t\t\t\t\thref=\"https:\/\/empirindustry.se\/en\/industries\/production\/\"\n\t\t\t\t\t\t\tclass=\"qt-submenu__link \"\n\t\t\t\t\t\t>\n\t\t\t\t\t\t\tManufacturing\t\t\t\t\t\t<\/a>\n\t\t\t\t\t<\/li>\n\t\t\t\t\t\t\t\t\t<li class=\"qt-submenu__item\">\n\t\t\t\t\t\t<a\n\t\t\t\t\t\t\thref=\"https:\/\/empirindustry.se\/en\/industries\/robotic-warehouse\/\"\n\t\t\t\t\t\t\tclass=\"qt-submenu__link \"\n\t\t\t\t\t\t>\n\t\t\t\t\t\t\tRobotic warehouse\t\t\t\t\t\t<\/a>\n\t\t\t\t\t<\/li>\n\t\t\t\t\t\t\t\t\t<\/ul>\n\t<\/div>\n<\/div>\n<div class=\"qt-text-w-image qt-text-w-image--right qt-text-w-image--white qt-padding--top-medium qt-padding--bottom-medium\">\n\t<div class=\"qt-text-w-image__left\">\n\t\t<div class=\"qt-text-w-image__image \">\n\t\t\t<img\n\t\t\t\tsrc=\"https:\/\/empirindustry.se\/wp-content\/uploads\/2024\/04\/Empir_4.jpg\"\n\t\t\t\talt=\"\"\n\t\t\t\/>\n\n\t\t\t\t\t<\/div>\n\t<\/div>\n\n\t<div class=\"qt-text-w-image__right\">\n\t\t<h2 class=\"qt-text-w-image__title\">\n\t\t\tEfficient production requires efficient support\t\t<\/h2>\n\n\t\t<div class=\"qt-text-w-image__text\">\n\t\t\t<p>This is what we assist you with. With our experience, we are highly adaptable and can quickly gain a sharp understanding of all the diverse needs in your production. This allows you to efficiently address current challenges and also seize new exciting opportunities.<\/p>\n<p>In short, whatever you produce, we are ready to take on the role of a long-term and profitable partner. <em>True cooperation<\/em>, plain and simple.<\/p>\n\t\t<\/div>\n\n\t\t<div class=\"qt-text-w-image__cta\">\n\t\t\t\t\t<\/div>\n\t<\/div>\n<\/div>\n<section class=\"qt-puffs\">\n\t<div class=\"qt-puffs__container\">\n\t\t<h2 class=\"qt-puffs__title\">Why Empir Industry?<\/h2>\n\t\t<div class=\"qt-puffs__content\">\n\t\t\t\t\t\t\t\t\t\t\t\t<div class=\"qt-puffs__item\">\n\t\t\t\t\t\t<div class=\"qt-puffs__item-content\">\n\t\t\t\t\t\t\t<img decoding=\"async\" src=\"https:\/\/empirindustry.se\/wp-content\/uploads\/2024\/05\/Factory.png\" alt=\"Industry in focus since 1999\" class=\"qt-puffs__icon\">\n\n\t\t\t\t\t\t\t<h3 class=\"qt-puffs__item-title\">Industry in focus since 1999<\/h3>\n\n\t\t\t\t\t\t\t<div class=\"qt-puffs__item-text\">\n\t\t\t\t\t\t\t\t<p>Det finns enorma m\u00f6jligheter f\u00f6r f\u00f6retag inom den tillverkande industrin. Men, utan r\u00e4tt IT-l\u00f6sning \u00e4r det sv\u00e5rt att ta vara p\u00e5 dem. D\u00e4rf\u00f6r har IT f\u00f6r tillverkande industri varit v\u00e5r k\u00e4rnverksamhet sedan starten 1999. Med unikt h\u00f6g IT-kompetens och gedigen kunskap om produktion och tillverkning har vi l\u00f6sningarna som tar din verksamhet till n\u00e4sta niv\u00e5.<\/p>\n\t\t\t\t\t\t\t<\/div>\n\t\t\t\t\t\t<\/div>\n\n\t\t\t\t\t\t<a href=\"https:\/\/empirindustry.se\/en\/about-us\/\" class=\"qt-button qt-button--yellow\">\n\t\t\t\t\t\t\tRead more\t\t\t\t\t\t<\/a>\n\t\t\t\t\t<\/div>\n\t\t\t\t\t\t\t\t\t<div class=\"qt-puffs__item\">\n\t\t\t\t\t\t<div class=\"qt-puffs__item-content\">\n\t\t\t\t\t\t\t<img decoding=\"async\" src=\"https:\/\/empirindustry.se\/wp-content\/uploads\/2024\/05\/Idea-Sharing.png\" alt=\"Always close to expert knowledge\" class=\"qt-puffs__icon\">\n\n\t\t\t\t\t\t\t<h3 class=\"qt-puffs__item-title\">Always close to expert knowledge<\/h3>\n\n\t\t\t\t\t\t\t<div class=\"qt-puffs__item-text\">\n\t\t\t\t\t\t\t\t<p>For us, the collaboration does not end with a delivered IT system or service. Empir Industry becomes a long-term partner who supports and gives advice for operation and further development. In our relationship, the expert knowledge of our IT consultants is always close and available.<\/p>\n\t\t\t\t\t\t\t<\/div>\n\t\t\t\t\t\t<\/div>\n\n\t\t\t\t\t\t<a href=\"https:\/\/empirindustry.se\/en\/about-us\/\" class=\"qt-button qt-button--yellow\">\n\t\t\t\t\t\t\tRead more\t\t\t\t\t\t<\/a>\n\t\t\t\t\t<\/div>\n\t\t\t\t\t\t\t\t\t<div class=\"qt-puffs__item\">\n\t\t\t\t\t\t<div class=\"qt-puffs__item-content\">\n\t\t\t\t\t\t\t<img decoding=\"async\" src=\"https:\/\/empirindustry.se\/wp-content\/uploads\/2024\/05\/Goal.png\" alt=\"With a clear goal\" class=\"qt-puffs__icon\">\n\n\t\t\t\t\t\t\t<h3 class=\"qt-puffs__item-title\">With a clear goal<\/h3>\n\n\t\t\t\t\t\t\t<div class=\"qt-puffs__item-text\">\n\t\t\t\t\t\t\t\t<p>We have the goal of using IT to increase our customers&#8217; competitiveness and thus be able to maintain the manufacturing industry in the Nordics. We develop our products and services to streamline manufacturing processes and create higher availability in production.<\/p>\n\t\t\t\t\t\t\t<\/div>\n\t\t\t\t\t\t<\/div>\n\n\t\t\t\t\t\t<a href=\"https:\/\/empirindustry.se\/en\/about-us\/\" class=\"qt-button qt-button--yellow\">\n\t\t\t\t\t\t\tRead more\t\t\t\t\t\t<\/a>\n\t\t\t\t\t<\/div>\n\t\t\t\t\t\t\t\t\t<\/div>\n\t<\/div>\n<\/section>\n<div class=\"qt-cta\">\n\t<div class=\"qt-cta__wrapper\">\n\t\t<h2 class=\"qt-cta__title\">\n\t\t\tGet started!\t\t<\/h2>\n\n\t\t<div class=\"qt-cta__text\">\n            <p>Contact us to get answers to all your questions, the IT support you need, and deeper insight into our products and services.<\/p>\n\t\t<\/div>\n\n\t\t\t\t<a href=\"https:\/\/empirindustry.se\/en\/contact-us\/\" class=\"qt-button qt-button--yellow\">\n\t\t\tContact us\t\t<\/a>\n\t<\/div>\n<\/div>","protected":false},"excerpt":{"rendered":"","protected":false},"author":1,"featured_media":0,"parent":0,"menu_order":0,"comment_status":"closed","ping_status":"closed","template":"","meta":{"_acf_changed":false,"footnotes":""},"class_list":["post-1057","page","type-page","status-publish","hentry"],"acf":[],"yoast_head":"<!-- This site is optimized with the Yoast SEO Premium plugin v27.3 (Yoast SEO v27.3) - https:\/\/yoast.com\/product\/yoast-seo-premium-wordpress\/ -->\n<title>Industries - Empir Industry<\/title>\n<meta name=\"description\" content=\"Empir Industry works in several different industries and offers a range of products and services to support its customers&#039; businesses.\" \/>\n<meta name=\"robots\" content=\"index, follow, max-snippet:-1, max-image-preview:large, max-video-preview:-1\" \/>\n<link rel=\"canonical\" href=\"https:\/\/empirindustry.se\/en\/industries\/\" \/>\n<meta property=\"og:locale\" content=\"en_US\" \/>\n<meta property=\"og:type\" content=\"article\" \/>\n<meta property=\"og:title\" content=\"Industries\" \/>\n<meta property=\"og:description\" content=\"Empir Industry works in several different industries and offers a range of products and services to support its customers&#039; businesses.\" \/>\n<meta property=\"og:url\" content=\"https:\/\/empirindustry.se\/en\/industries\/\" \/>\n<meta property=\"og:site_name\" content=\"Empir Industry\" \/>\n<meta property=\"article:modified_time\" content=\"2024-06-25T10:07:50+00:00\" \/>\n<meta name=\"twitter:card\" content=\"summary_large_image\" \/>\n<script type=\"application\/ld+json\" class=\"yoast-schema-graph\">{\"@context\":\"https:\\\/\\\/schema.org\",\"@graph\":[{\"@type\":\"WebPage\",\"@id\":\"https:\\\/\\\/empirindustry.se\\\/en\\\/industries\\\/\",\"url\":\"https:\\\/\\\/empirindustry.se\\\/en\\\/industries\\\/\",\"name\":\"Industries - Empir Industry\",\"isPartOf\":{\"@id\":\"https:\\\/\\\/empirindustry.se\\\/en\\\/#website\"},\"datePublished\":\"2024-05-15T11:32:02+00:00\",\"dateModified\":\"2024-06-25T10:07:50+00:00\",\"description\":\"Empir Industry works in several different industries and offers a range of products and services to support its customers' businesses.\",\"breadcrumb\":{\"@id\":\"https:\\\/\\\/empirindustry.se\\\/en\\\/industries\\\/#breadcrumb\"},\"inLanguage\":\"en-US\",\"potentialAction\":[{\"@type\":\"ReadAction\",\"target\":[\"https:\\\/\\\/empirindustry.se\\\/en\\\/industries\\\/\"]}]},{\"@type\":\"BreadcrumbList\",\"@id\":\"https:\\\/\\\/empirindustry.se\\\/en\\\/industries\\\/#breadcrumb\",\"itemListElement\":[{\"@type\":\"ListItem\",\"position\":1,\"name\":\"Home\",\"item\":\"https:\\\/\\\/empirindustry.se\\\/en\\\/\"},{\"@type\":\"ListItem\",\"position\":2,\"name\":\"Industries\"}]},{\"@type\":\"WebSite\",\"@id\":\"https:\\\/\\\/empirindustry.se\\\/en\\\/#website\",\"url\":\"https:\\\/\\\/empirindustry.se\\\/en\\\/\",\"name\":\"Empir Industry\",\"description\":\"\",\"publisher\":{\"@id\":\"https:\\\/\\\/empirindustry.se\\\/en\\\/#organization\"},\"potentialAction\":[{\"@type\":\"SearchAction\",\"target\":{\"@type\":\"EntryPoint\",\"urlTemplate\":\"https:\\\/\\\/empirindustry.se\\\/en\\\/?s={search_term_string}\"},\"query-input\":{\"@type\":\"PropertyValueSpecification\",\"valueRequired\":true,\"valueName\":\"search_term_string\"}}],\"inLanguage\":\"en-US\"},{\"@type\":[\"Organization\",\"Place\"],\"@id\":\"https:\\\/\\\/empirindustry.se\\\/en\\\/#organization\",\"name\":\"Empir Industry\",\"alternateName\":\"Empir\",\"url\":\"https:\\\/\\\/empirindustry.se\\\/en\\\/\",\"logo\":{\"@id\":\"https:\\\/\\\/empirindustry.se\\\/en\\\/industries\\\/#local-main-organization-logo\"},\"image\":{\"@id\":\"https:\\\/\\\/empirindustry.se\\\/en\\\/industries\\\/#local-main-organization-logo\"},\"sameAs\":[\"https:\\\/\\\/www.linkedin.com\\\/company\\\/empir-industry\\\/\"],\"description\":\"Empir Industry - Vi bygger mjukvara f\u00f6r smarta fabriker Med kompetens inom IT och unik kunskap inom tillverkning, produktion och lager levererar Empir Industry moderna produkter och tj\u00e4nster som effektiviserar produktionen hos tillverkande industri. Vi vet varf\u00f6r. Med ett tydligt varf\u00f6r - att beh\u00e5lla den tillverkande industrin i Norden, utvecklar vi v\u00e5ra tj\u00e4nster. Alla med den gemensamma n\u00e4mnaren att skapa smarta fabriker. V\u00e5ra kunder ska st\u00e4lla h\u00f6ga krav. Lika m\u00e5nga unika l\u00f6sningar vi levererar, lika m\u00e5nga unika behov uppfyller vi. V\u00e5ra kunder \u00e4r tillverkande f\u00f6retag inom vitt skilda omr\u00e5den, det st\u00e4ller h\u00f6ga krav p\u00e5 oss som leverant\u00f6rer. Vi har kunder som verkar inom allt fr\u00e5n fordonsindustrin och resebranschen till verksamheter inom sport och fritid. Med kunder p\u00e5 en internationell marknad bedriver vi v\u00e5r verksamhet fr\u00e5n kontoren i G\u00f6teborg, Uddevalla, Trollh\u00e4ttan, Vara, Sk\u00f6vde, Link\u00f6ping, \u00d6rebro och Olofstr\u00f6m.\",\"legalName\":\"Empir Industry AB\",\"foundingDate\":\"2016-10-17\",\"duns\":\"353014861\",\"numberOfEmployees\":{\"@type\":\"QuantitativeValue\",\"minValue\":\"51\",\"maxValue\":\"200\"},\"telephone\":[],\"openingHoursSpecification\":[{\"@type\":\"OpeningHoursSpecification\",\"dayOfWeek\":[\"Monday\",\"Tuesday\",\"Wednesday\",\"Thursday\",\"Friday\",\"Saturday\",\"Sunday\"],\"opens\":\"09:00\",\"closes\":\"17:00\"}]},{\"@type\":\"ImageObject\",\"inLanguage\":\"en-US\",\"@id\":\"https:\\\/\\\/empirindustry.se\\\/en\\\/industries\\\/#local-main-organization-logo\",\"url\":\"https:\\\/\\\/empirindustry.se\\\/wp-content\\\/uploads\\\/2024\\\/10\\\/empir_logo.webp\",\"contentUrl\":\"https:\\\/\\\/empirindustry.se\\\/wp-content\\\/uploads\\\/2024\\\/10\\\/empir_logo.webp\",\"width\":576,\"height\":464,\"caption\":\"Empir Industry\"}]}<\/script>\n<!-- \/ Yoast SEO Premium plugin. -->","yoast_head_json":{"title":"Industries - Empir Industry","description":"Empir Industry works in several different industries and offers a range of products and services to support its customers' businesses.","robots":{"index":"index","follow":"follow","max-snippet":"max-snippet:-1","max-image-preview":"max-image-preview:large","max-video-preview":"max-video-preview:-1"},"canonical":"https:\/\/empirindustry.se\/en\/industries\/","og_locale":"en_US","og_type":"article","og_title":"Industries","og_description":"Empir Industry works in several different industries and offers a range of products and services to support its customers' businesses.","og_url":"https:\/\/empirindustry.se\/en\/industries\/","og_site_name":"Empir Industry","article_modified_time":"2024-06-25T10:07:50+00:00","twitter_card":"summary_large_image","schema":{"@context":"https:\/\/schema.org","@graph":[{"@type":"WebPage","@id":"https:\/\/empirindustry.se\/en\/industries\/","url":"https:\/\/empirindustry.se\/en\/industries\/","name":"Industries - Empir Industry","isPartOf":{"@id":"https:\/\/empirindustry.se\/en\/#website"},"datePublished":"2024-05-15T11:32:02+00:00","dateModified":"2024-06-25T10:07:50+00:00","description":"Empir Industry works in several different industries and offers a range of products and services to support its customers' businesses.","breadcrumb":{"@id":"https:\/\/empirindustry.se\/en\/industries\/#breadcrumb"},"inLanguage":"en-US","potentialAction":[{"@type":"ReadAction","target":["https:\/\/empirindustry.se\/en\/industries\/"]}]},{"@type":"BreadcrumbList","@id":"https:\/\/empirindustry.se\/en\/industries\/#breadcrumb","itemListElement":[{"@type":"ListItem","position":1,"name":"Home","item":"https:\/\/empirindustry.se\/en\/"},{"@type":"ListItem","position":2,"name":"Industries"}]},{"@type":"WebSite","@id":"https:\/\/empirindustry.se\/en\/#website","url":"https:\/\/empirindustry.se\/en\/","name":"Empir Industry","description":"","publisher":{"@id":"https:\/\/empirindustry.se\/en\/#organization"},"potentialAction":[{"@type":"SearchAction","target":{"@type":"EntryPoint","urlTemplate":"https:\/\/empirindustry.se\/en\/?s={search_term_string}"},"query-input":{"@type":"PropertyValueSpecification","valueRequired":true,"valueName":"search_term_string"}}],"inLanguage":"en-US"},{"@type":["Organization","Place"],"@id":"https:\/\/empirindustry.se\/en\/#organization","name":"Empir Industry","alternateName":"Empir","url":"https:\/\/empirindustry.se\/en\/","logo":{"@id":"https:\/\/empirindustry.se\/en\/industries\/#local-main-organization-logo"},"image":{"@id":"https:\/\/empirindustry.se\/en\/industries\/#local-main-organization-logo"},"sameAs":["https:\/\/www.linkedin.com\/company\/empir-industry\/"],"description":"Empir Industry - Vi bygger mjukvara f\u00f6r smarta fabriker Med kompetens inom IT och unik kunskap inom tillverkning, produktion och lager levererar Empir Industry moderna produkter och tj\u00e4nster som effektiviserar produktionen hos tillverkande industri. Vi vet varf\u00f6r. Med ett tydligt varf\u00f6r - att beh\u00e5lla den tillverkande industrin i Norden, utvecklar vi v\u00e5ra tj\u00e4nster. Alla med den gemensamma n\u00e4mnaren att skapa smarta fabriker. V\u00e5ra kunder ska st\u00e4lla h\u00f6ga krav. Lika m\u00e5nga unika l\u00f6sningar vi levererar, lika m\u00e5nga unika behov uppfyller vi. V\u00e5ra kunder \u00e4r tillverkande f\u00f6retag inom vitt skilda omr\u00e5den, det st\u00e4ller h\u00f6ga krav p\u00e5 oss som leverant\u00f6rer. Vi har kunder som verkar inom allt fr\u00e5n fordonsindustrin och resebranschen till verksamheter inom sport och fritid. Med kunder p\u00e5 en internationell marknad bedriver vi v\u00e5r verksamhet fr\u00e5n kontoren i G\u00f6teborg, Uddevalla, Trollh\u00e4ttan, Vara, Sk\u00f6vde, Link\u00f6ping, \u00d6rebro och Olofstr\u00f6m.","legalName":"Empir Industry AB","foundingDate":"2016-10-17","duns":"353014861","numberOfEmployees":{"@type":"QuantitativeValue","minValue":"51","maxValue":"200"},"telephone":[],"openingHoursSpecification":[{"@type":"OpeningHoursSpecification","dayOfWeek":["Monday","Tuesday","Wednesday","Thursday","Friday","Saturday","Sunday"],"opens":"09:00","closes":"17:00"}]},{"@type":"ImageObject","inLanguage":"en-US","@id":"https:\/\/empirindustry.se\/en\/industries\/#local-main-organization-logo","url":"https:\/\/empirindustry.se\/wp-content\/uploads\/2024\/10\/empir_logo.webp","contentUrl":"https:\/\/empirindustry.se\/wp-content\/uploads\/2024\/10\/empir_logo.webp","width":576,"height":464,"caption":"Empir Industry"}]}},"_links":{"self":[{"href":"https:\/\/empirindustry.se\/en\/wp-json\/wp\/v2\/pages\/1057","targetHints":{"allow":["GET"]}}],"collection":[{"href":"https:\/\/empirindustry.se\/en\/wp-json\/wp\/v2\/pages"}],"about":[{"href":"https:\/\/empirindustry.se\/en\/wp-json\/wp\/v2\/types\/page"}],"author":[{"embeddable":true,"href":"https:\/\/empirindustry.se\/en\/wp-json\/wp\/v2\/users\/1"}],"replies":[{"embeddable":true,"href":"https:\/\/empirindustry.se\/en\/wp-json\/wp\/v2\/comments?post=1057"}],"version-history":[{"count":8,"href":"https:\/\/empirindustry.se\/en\/wp-json\/wp\/v2\/pages\/1057\/revisions"}],"predecessor-version":[{"id":1619,"href":"https:\/\/empirindustry.se\/en\/wp-json\/wp\/v2\/pages\/1057\/revisions\/1619"}],"wp:attachment":[{"href":"https:\/\/empirindustry.se\/en\/wp-json\/wp\/v2\/media?parent=1057"}],"curies":[{"name":"wp","href":"https:\/\/api.w.org\/{rel}","templated":true}]}}