{"id":1096,"date":"2024-05-21T22:42:19","date_gmt":"2024-05-21T22:42:19","guid":{"rendered":"https:\/\/empirindustry.se\/cookies-policy\/"},"modified":"2024-06-04T10:17:06","modified_gmt":"2024-06-04T10:17:06","slug":"cookies-policy","status":"publish","type":"page","link":"https:\/\/empirindustry.se\/en\/cookies-policy\/","title":{"rendered":"Cookies Policy"},"content":{"rendered":"\n<header class=\"qt-small-hero-1\">\n\t<p class=\"qt-breadcrumbs\"><span><span><a href=\"https:\/\/empirindustry.se\/en\/\">Home<\/a><\/span><\/span><\/p>\n\t<div class=\"qt-small-hero-2__background qt-is-greyscale\" style=\"background-image: url(https:\/\/empirindustry.se\/wp-content\/uploads\/2024\/04\/empir_cars1.jpg)\">\n\t<\/div>\n\n\t\t\t<div class=\"qt-linear-overlay\"><\/div>\n\t\n\t<div class=\"qt-small-hero-1__wrapper\">\n\t\t<div class=\"qt-small-hero-1__text-container\">\n\t\t\t<h1>\n\t\t\t\tCookies Policy\t\t\t<\/h1>\n\n\t\t\t<div>\n                <p>By using our website, you consent to the site using cookies. The information below explains how we use and handle cookies:<\/p>\n\t\t\t<\/div>\n\t\t<\/div>\n\t<\/div>\n<\/header>\n<div style=\"height:100px\" aria-hidden=\"true\" class=\"wp-block-spacer\"><\/div>\n\n<h2 class=\"wp-block-heading\"><strong>What are cookies?<\/strong><\/h2>\n\n<p>On our website <em>empirindustry.se\/empirindustry.com<\/em>, we use what are known as \u201ccookies\u201d. These are small text files that are stored on the device you use to surf the Net \u2013 your computer or smartphone, for instance. The text files sent to your device are not harmful and contain no program code. Nor do cookies contain any information that can be linked to you as an individual.<\/p>\n\n<h2 class=\"wp-block-heading\">Which cookies does the website use?<\/h2>\n\n<h3 class=\"wp-block-heading\"><strong>Google Analytics<\/strong><\/h3>\n\n<p>On <em>empirindustry.se\/empirindustry.com,<\/em> we use Google Analytics to collect information about how visitors interact with the website. We do so to make sure that the site is meeting users\u2019 needs and to determine how we can improve different areas. Google Analytics stores information about which pages you visit, how long you spend on the website, how you arrived there and what you click. We do not collect or store names or addresses, so the information cannot be used to identify you.<\/p>\n\n<h3 class=\"wp-block-heading\"><strong>Cookies for Pop-ups<\/strong><\/h3>\n\n<ul class=\"wp-block-list\">\n<li>_POP(1-9) _S_EMID: This cookie registers a value to check whether the user has seen the pop-up window during the current session. The cookie does not save any information about the user.<\/li>\n\n\n\n<li>_PLCY_136_EMID: This cookie registers a value to check whether the user has approved the Cookie policy. The cookie does not save any information about the user.<\/li>\n\n\n\n<li>_DIA_797_EMID: This cookie registers the latest interaction with the contact form in the pop-up window. The cookie does not save any information about the user.<\/li>\n<\/ul>\n\n<h3 class=\"wp-block-heading\"><strong>Cookies for the session<\/strong><\/h3>\n\n<ul class=\"wp-block-list\">\n<li>_RequestVarificationToken: This cookie protects the form against CSRF attacks.<\/li>\n\n\n\n<li>NET_SessionId: This cookie registers a new session on the website. <\/li>\n<\/ul>\n\n<h2 class=\"wp-block-heading\">Reject and delete cookies<\/h2>\n\n<p>If you continue with your visit to our website, you simultaneously consent to the use of all current cookies. You can, however, delete cookies and check which ones you are willing to accept. .<\/p>\n\n<h2 class=\"wp-block-heading\"><strong>Browser settings <\/strong><\/h2>\n\n<p>You can change the settings in your browser so that it does not allow cookies to be stored. Please note, however, that this can adversely affect the function of certain web pages and may make some functions unavailable. You will usually find the settings option under the \u201cAlternative\u201d or \u201cTools\u201d menu in your browser.<\/p>\n\n<h2 class=\"wp-block-heading\"><strong>Delete cookies <\/strong><\/h2>\n\n<p>You can delete cookies that have been saved, wiping them from your computer. To find out how to do this, go to <a rel=\"noreferrer noopener\" href=\"https:\/\/support.google.com\/accounts\/answer\/32050\" target=\"_blank\">Google accounts \/ Help<\/a>.<\/p>\n\n<h2 class=\"wp-block-heading\"><strong>Deactivate cookies for Google Analytics<\/strong><\/h2>\n\n<p>You can install a plug-in to prevent the website sending information about your visit to Google Analytics. To find out more, see <a rel=\"noreferrer noopener\" href=\"https:\/\/support.google.com\/analytics\/answer\/6004245\" target=\"_blank\"> Analytics \/ Help<\/a>.<\/p>\n\n<h2 class=\"wp-block-heading\">Additional information and comments<\/h2>\n\n<p>If you have any questions, if you would like additional information, or if you would like to share your views with us, you are welcome to email us at <a href=\"mailto:info@empirindustry.com\">info@empirindustry.com<\/a><\/p>\n\n<div style=\"height:100px\" aria-hidden=\"true\" class=\"wp-block-spacer\"><\/div>\n","protected":false},"excerpt":{"rendered":"<p>What are cookies? On our website empirindustry.se\/empirindustry.com, we use what are known as \u201ccookies\u201d. These are small text files that are stored on the device you use to surf the Net \u2013 your computer or smartphone, for instance. The text files sent to your device are not harmful and contain no program code. Nor do [&hellip;]<\/p>\n","protected":false},"author":1,"featured_media":0,"parent":0,"menu_order":0,"comment_status":"closed","ping_status":"closed","template":"","meta":{"_acf_changed":false,"footnotes":""},"class_list":["post-1096","page","type-page","status-publish","hentry"],"acf":[],"yoast_head":"<!-- This site is optimized with the Yoast SEO Premium plugin v27.3 (Yoast SEO v27.3) - https:\/\/yoast.com\/product\/yoast-seo-premium-wordpress\/ -->\n<title>Cookies Policy - Empir Industry<\/title>\n<meta name=\"robots\" content=\"index, follow, max-snippet:-1, max-image-preview:large, max-video-preview:-1\" \/>\n<link rel=\"canonical\" href=\"https:\/\/empirindustry.se\/en\/cookies-policy\/\" \/>\n<meta property=\"og:locale\" content=\"en_US\" \/>\n<meta property=\"og:type\" content=\"article\" \/>\n<meta property=\"og:title\" content=\"Cookies Policy\" \/>\n<meta property=\"og:description\" content=\"What are cookies? On our website empirindustry.se\/empirindustry.com, we use what are known as \u201ccookies\u201d. These are small text files that are stored on the device you use to surf the Net \u2013 your computer or smartphone, for instance. The text files sent to your device are not harmful and contain no program code. Nor do [&hellip;]\" \/>\n<meta property=\"og:url\" content=\"https:\/\/empirindustry.se\/en\/cookies-policy\/\" \/>\n<meta property=\"og:site_name\" content=\"Empir Industry\" \/>\n<meta property=\"article:modified_time\" content=\"2024-06-04T10:17:06+00:00\" \/>\n<meta name=\"twitter:card\" content=\"summary_large_image\" \/>\n<meta name=\"twitter:label1\" content=\"Est. reading time\" \/>\n\t<meta name=\"twitter:data1\" content=\"2 minutes\" \/>\n<script type=\"application\/ld+json\" class=\"yoast-schema-graph\">{\"@context\":\"https:\\\/\\\/schema.org\",\"@graph\":[{\"@type\":\"WebPage\",\"@id\":\"https:\\\/\\\/empirindustry.se\\\/en\\\/cookies-policy\\\/\",\"url\":\"https:\\\/\\\/empirindustry.se\\\/en\\\/cookies-policy\\\/\",\"name\":\"Cookies Policy - Empir Industry\",\"isPartOf\":{\"@id\":\"https:\\\/\\\/empirindustry.se\\\/en\\\/#website\"},\"datePublished\":\"2024-05-21T22:42:19+00:00\",\"dateModified\":\"2024-06-04T10:17:06+00:00\",\"breadcrumb\":{\"@id\":\"https:\\\/\\\/empirindustry.se\\\/en\\\/cookies-policy\\\/#breadcrumb\"},\"inLanguage\":\"en-US\",\"potentialAction\":[{\"@type\":\"ReadAction\",\"target\":[\"https:\\\/\\\/empirindustry.se\\\/en\\\/cookies-policy\\\/\"]}]},{\"@type\":\"BreadcrumbList\",\"@id\":\"https:\\\/\\\/empirindustry.se\\\/en\\\/cookies-policy\\\/#breadcrumb\",\"itemListElement\":[{\"@type\":\"ListItem\",\"position\":1,\"name\":\"Home\",\"item\":\"https:\\\/\\\/empirindustry.se\\\/en\\\/\"},{\"@type\":\"ListItem\",\"position\":2,\"name\":\"Cookies Policy\"}]},{\"@type\":\"WebSite\",\"@id\":\"https:\\\/\\\/empirindustry.se\\\/en\\\/#website\",\"url\":\"https:\\\/\\\/empirindustry.se\\\/en\\\/\",\"name\":\"Empir Industry\",\"description\":\"\",\"publisher\":{\"@id\":\"https:\\\/\\\/empirindustry.se\\\/en\\\/#organization\"},\"potentialAction\":[{\"@type\":\"SearchAction\",\"target\":{\"@type\":\"EntryPoint\",\"urlTemplate\":\"https:\\\/\\\/empirindustry.se\\\/en\\\/?s={search_term_string}\"},\"query-input\":{\"@type\":\"PropertyValueSpecification\",\"valueRequired\":true,\"valueName\":\"search_term_string\"}}],\"inLanguage\":\"en-US\"},{\"@type\":[\"Organization\",\"Place\"],\"@id\":\"https:\\\/\\\/empirindustry.se\\\/en\\\/#organization\",\"name\":\"Empir Industry\",\"alternateName\":\"Empir\",\"url\":\"https:\\\/\\\/empirindustry.se\\\/en\\\/\",\"logo\":{\"@id\":\"https:\\\/\\\/empirindustry.se\\\/en\\\/cookies-policy\\\/#local-main-organization-logo\"},\"image\":{\"@id\":\"https:\\\/\\\/empirindustry.se\\\/en\\\/cookies-policy\\\/#local-main-organization-logo\"},\"sameAs\":[\"https:\\\/\\\/www.linkedin.com\\\/company\\\/empir-industry\\\/\"],\"description\":\"Empir Industry - Vi bygger mjukvara f\u00f6r smarta fabriker Med kompetens inom IT och unik kunskap inom tillverkning, produktion och lager levererar Empir Industry moderna produkter och tj\u00e4nster som effektiviserar produktionen hos tillverkande industri. Vi vet varf\u00f6r. Med ett tydligt varf\u00f6r - att beh\u00e5lla den tillverkande industrin i Norden, utvecklar vi v\u00e5ra tj\u00e4nster. Alla med den gemensamma n\u00e4mnaren att skapa smarta fabriker. V\u00e5ra kunder ska st\u00e4lla h\u00f6ga krav. Lika m\u00e5nga unika l\u00f6sningar vi levererar, lika m\u00e5nga unika behov uppfyller vi. V\u00e5ra kunder \u00e4r tillverkande f\u00f6retag inom vitt skilda omr\u00e5den, det st\u00e4ller h\u00f6ga krav p\u00e5 oss som leverant\u00f6rer. Vi har kunder som verkar inom allt fr\u00e5n fordonsindustrin och resebranschen till verksamheter inom sport och fritid. Med kunder p\u00e5 en internationell marknad bedriver vi v\u00e5r verksamhet fr\u00e5n kontoren i G\u00f6teborg, Uddevalla, Trollh\u00e4ttan, Vara, Sk\u00f6vde, Link\u00f6ping, \u00d6rebro och Olofstr\u00f6m.\",\"legalName\":\"Empir Industry AB\",\"foundingDate\":\"2016-10-17\",\"duns\":\"353014861\",\"numberOfEmployees\":{\"@type\":\"QuantitativeValue\",\"minValue\":\"51\",\"maxValue\":\"200\"},\"telephone\":[],\"openingHoursSpecification\":[{\"@type\":\"OpeningHoursSpecification\",\"dayOfWeek\":[\"Monday\",\"Tuesday\",\"Wednesday\",\"Thursday\",\"Friday\",\"Saturday\",\"Sunday\"],\"opens\":\"09:00\",\"closes\":\"17:00\"}]},{\"@type\":\"ImageObject\",\"inLanguage\":\"en-US\",\"@id\":\"https:\\\/\\\/empirindustry.se\\\/en\\\/cookies-policy\\\/#local-main-organization-logo\",\"url\":\"https:\\\/\\\/empirindustry.se\\\/wp-content\\\/uploads\\\/2024\\\/10\\\/empir_logo.webp\",\"contentUrl\":\"https:\\\/\\\/empirindustry.se\\\/wp-content\\\/uploads\\\/2024\\\/10\\\/empir_logo.webp\",\"width\":576,\"height\":464,\"caption\":\"Empir Industry\"}]}<\/script>\n<!-- \/ Yoast SEO Premium plugin. -->","yoast_head_json":{"title":"Cookies Policy - Empir Industry","robots":{"index":"index","follow":"follow","max-snippet":"max-snippet:-1","max-image-preview":"max-image-preview:large","max-video-preview":"max-video-preview:-1"},"canonical":"https:\/\/empirindustry.se\/en\/cookies-policy\/","og_locale":"en_US","og_type":"article","og_title":"Cookies Policy","og_description":"What are cookies? On our website empirindustry.se\/empirindustry.com, we use what are known as \u201ccookies\u201d. These are small text files that are stored on the device you use to surf the Net \u2013 your computer or smartphone, for instance. The text files sent to your device are not harmful and contain no program code. Nor do [&hellip;]","og_url":"https:\/\/empirindustry.se\/en\/cookies-policy\/","og_site_name":"Empir Industry","article_modified_time":"2024-06-04T10:17:06+00:00","twitter_card":"summary_large_image","twitter_misc":{"Est. reading time":"2 minutes"},"schema":{"@context":"https:\/\/schema.org","@graph":[{"@type":"WebPage","@id":"https:\/\/empirindustry.se\/en\/cookies-policy\/","url":"https:\/\/empirindustry.se\/en\/cookies-policy\/","name":"Cookies Policy - Empir Industry","isPartOf":{"@id":"https:\/\/empirindustry.se\/en\/#website"},"datePublished":"2024-05-21T22:42:19+00:00","dateModified":"2024-06-04T10:17:06+00:00","breadcrumb":{"@id":"https:\/\/empirindustry.se\/en\/cookies-policy\/#breadcrumb"},"inLanguage":"en-US","potentialAction":[{"@type":"ReadAction","target":["https:\/\/empirindustry.se\/en\/cookies-policy\/"]}]},{"@type":"BreadcrumbList","@id":"https:\/\/empirindustry.se\/en\/cookies-policy\/#breadcrumb","itemListElement":[{"@type":"ListItem","position":1,"name":"Home","item":"https:\/\/empirindustry.se\/en\/"},{"@type":"ListItem","position":2,"name":"Cookies Policy"}]},{"@type":"WebSite","@id":"https:\/\/empirindustry.se\/en\/#website","url":"https:\/\/empirindustry.se\/en\/","name":"Empir Industry","description":"","publisher":{"@id":"https:\/\/empirindustry.se\/en\/#organization"},"potentialAction":[{"@type":"SearchAction","target":{"@type":"EntryPoint","urlTemplate":"https:\/\/empirindustry.se\/en\/?s={search_term_string}"},"query-input":{"@type":"PropertyValueSpecification","valueRequired":true,"valueName":"search_term_string"}}],"inLanguage":"en-US"},{"@type":["Organization","Place"],"@id":"https:\/\/empirindustry.se\/en\/#organization","name":"Empir Industry","alternateName":"Empir","url":"https:\/\/empirindustry.se\/en\/","logo":{"@id":"https:\/\/empirindustry.se\/en\/cookies-policy\/#local-main-organization-logo"},"image":{"@id":"https:\/\/empirindustry.se\/en\/cookies-policy\/#local-main-organization-logo"},"sameAs":["https:\/\/www.linkedin.com\/company\/empir-industry\/"],"description":"Empir Industry - Vi bygger mjukvara f\u00f6r smarta fabriker Med kompetens inom IT och unik kunskap inom tillverkning, produktion och lager levererar Empir Industry moderna produkter och tj\u00e4nster som effektiviserar produktionen hos tillverkande industri. Vi vet varf\u00f6r. Med ett tydligt varf\u00f6r - att beh\u00e5lla den tillverkande industrin i Norden, utvecklar vi v\u00e5ra tj\u00e4nster. Alla med den gemensamma n\u00e4mnaren att skapa smarta fabriker. V\u00e5ra kunder ska st\u00e4lla h\u00f6ga krav. Lika m\u00e5nga unika l\u00f6sningar vi levererar, lika m\u00e5nga unika behov uppfyller vi. V\u00e5ra kunder \u00e4r tillverkande f\u00f6retag inom vitt skilda omr\u00e5den, det st\u00e4ller h\u00f6ga krav p\u00e5 oss som leverant\u00f6rer. Vi har kunder som verkar inom allt fr\u00e5n fordonsindustrin och resebranschen till verksamheter inom sport och fritid. Med kunder p\u00e5 en internationell marknad bedriver vi v\u00e5r verksamhet fr\u00e5n kontoren i G\u00f6teborg, Uddevalla, Trollh\u00e4ttan, Vara, Sk\u00f6vde, Link\u00f6ping, \u00d6rebro och Olofstr\u00f6m.","legalName":"Empir Industry AB","foundingDate":"2016-10-17","duns":"353014861","numberOfEmployees":{"@type":"QuantitativeValue","minValue":"51","maxValue":"200"},"telephone":[],"openingHoursSpecification":[{"@type":"OpeningHoursSpecification","dayOfWeek":["Monday","Tuesday","Wednesday","Thursday","Friday","Saturday","Sunday"],"opens":"09:00","closes":"17:00"}]},{"@type":"ImageObject","inLanguage":"en-US","@id":"https:\/\/empirindustry.se\/en\/cookies-policy\/#local-main-organization-logo","url":"https:\/\/empirindustry.se\/wp-content\/uploads\/2024\/10\/empir_logo.webp","contentUrl":"https:\/\/empirindustry.se\/wp-content\/uploads\/2024\/10\/empir_logo.webp","width":576,"height":464,"caption":"Empir Industry"}]}},"_links":{"self":[{"href":"https:\/\/empirindustry.se\/en\/wp-json\/wp\/v2\/pages\/1096","targetHints":{"allow":["GET"]}}],"collection":[{"href":"https:\/\/empirindustry.se\/en\/wp-json\/wp\/v2\/pages"}],"about":[{"href":"https:\/\/empirindustry.se\/en\/wp-json\/wp\/v2\/types\/page"}],"author":[{"embeddable":true,"href":"https:\/\/empirindustry.se\/en\/wp-json\/wp\/v2\/users\/1"}],"replies":[{"embeddable":true,"href":"https:\/\/empirindustry.se\/en\/wp-json\/wp\/v2\/comments?post=1096"}],"version-history":[{"count":2,"href":"https:\/\/empirindustry.se\/en\/wp-json\/wp\/v2\/pages\/1096\/revisions"}],"predecessor-version":[{"id":1183,"href":"https:\/\/empirindustry.se\/en\/wp-json\/wp\/v2\/pages\/1096\/revisions\/1183"}],"wp:attachment":[{"href":"https:\/\/empirindustry.se\/en\/wp-json\/wp\/v2\/media?parent=1096"}],"curies":[{"name":"wp","href":"https:\/\/api.w.org\/{rel}","templated":true}]}}