{"id":1122,"date":"2024-05-16T07:42:11","date_gmt":"2024-05-16T07:42:11","guid":{"rendered":"https:\/\/empirindustry.se\/book-a-meeting\/"},"modified":"2024-06-26T13:24:07","modified_gmt":"2024-06-26T13:24:07","slug":"book-a-meeting","status":"publish","type":"page","link":"https:\/\/empirindustry.se\/en\/book-a-meeting\/","title":{"rendered":"Book a meeting"},"content":{"rendered":"\n<header class=\"qt-small-hero-1\">\n\t<p class=\"qt-breadcrumbs\"><span><span><a href=\"https:\/\/empirindustry.se\/en\/\">Home<\/a><\/span><\/span><\/p>\n\t<div class=\"qt-small-hero-2__background \" style=\"background-image: url(https:\/\/empirindustry.se\/wp-content\/uploads\/2024\/04\/empir_bookameeting.jpg)\">\n\t<\/div>\n\n\t\t\t<div class=\"qt-linear-overlay\"><\/div>\n\t\n\t<div class=\"qt-small-hero-1__wrapper\">\n\t\t<div class=\"qt-small-hero-1__text-container\">\n\t\t\t<h1>\n\t\t\t\tBook a meeting\t\t\t<\/h1>\n\n\t\t\t<div>\n                <p>With our expertise and commitment, we are here to support you and your company&#8217;s needs. We are excited to hear from you and explore how we can collaborate to reach your goals.<\/p>\n\t\t\t<\/div>\n\t\t<\/div>\n\t<\/div>\n<\/header>\n\n\n<div class=\"qt-form qt-form--white\">\n\t<div class=\"qt-form__wrapper qt-form__wrapper--text-ontop qt-form__wrapper--right \">\n\t\t<div class=\"qt-form__form qt-form__form--submit-in-middle \">\n            \n<div class=\"wpcf7 no-js\" id=\"wpcf7-f1194-o1\" lang=\"en-US\" dir=\"ltr\" data-wpcf7-id=\"1194\">\n<div class=\"screen-reader-response\"><p role=\"status\" aria-live=\"polite\" aria-atomic=\"true\"><\/p> <ul><\/ul><\/div>\n<form action=\"\/en\/wp-json\/wp\/v2\/pages\/1122#wpcf7-f1194-o1\" method=\"post\" class=\"wpcf7-form init\" aria-label=\"Contact form\" novalidate=\"novalidate\" data-status=\"init\">\n<fieldset class=\"hidden-fields-container\"><input type=\"hidden\" name=\"_wpcf7\" value=\"1194\" \/><input type=\"hidden\" name=\"_wpcf7_version\" value=\"6.1.5\" \/><input type=\"hidden\" name=\"_wpcf7_locale\" value=\"en_US\" \/><input type=\"hidden\" name=\"_wpcf7_unit_tag\" value=\"wpcf7-f1194-o1\" \/><input type=\"hidden\" name=\"_wpcf7_container_post\" value=\"0\" \/><input type=\"hidden\" name=\"_wpcf7_posted_data_hash\" value=\"\" \/><input type=\"hidden\" name=\"_wpcf7_recaptcha_response\" value=\"\" \/>\n<\/fieldset>\n<h2>Proposal on time<\/h2>\n<p>Please send a suggestion for a time that suits you<\/p>\n\n<span class=\"row\">\n<label> First name\n    <span class=\"wpcf7-form-control-wrap\" data-name=\"your-name\"><input size=\"40\" maxlength=\"400\" class=\"wpcf7-form-control wpcf7-text wpcf7-validates-as-required\" autocomplete=\"name\" aria-required=\"true\" aria-invalid=\"false\" placeholder=\"Write your first name\" value=\"\" type=\"text\" name=\"your-name\" \/><\/span> <\/label>\n<label> Last name\n    <span class=\"wpcf7-form-control-wrap\" data-name=\"your-lastname\"><input size=\"40\" maxlength=\"400\" class=\"wpcf7-form-control wpcf7-text wpcf7-validates-as-required\" autocomplete=\"name\" aria-required=\"true\" aria-invalid=\"false\" placeholder=\"Write your last name\" value=\"\" type=\"text\" name=\"your-lastname\" \/><\/span> <\/label>\n<\/span>\n<span class=\"row\">\n<label> E-mail\n    <span class=\"wpcf7-form-control-wrap\" data-name=\"your-email\"><input size=\"40\" maxlength=\"400\" class=\"wpcf7-form-control wpcf7-email wpcf7-validates-as-required wpcf7-text wpcf7-validates-as-email\" autocomplete=\"email\" aria-required=\"true\" aria-invalid=\"false\" placeholder=\"Write your e-mail address\" value=\"\" type=\"email\" name=\"your-email\" \/><\/span> <\/label>\n<label> Phone\n<span class=\"wpcf7-form-control-wrap\" data-name=\"your-tel\"><input size=\"40\" maxlength=\"400\" class=\"wpcf7-form-control wpcf7-tel wpcf7-validates-as-required wpcf7-text wpcf7-validates-as-tel\" aria-required=\"true\" aria-invalid=\"false\" placeholder=\"Write your phone number\" value=\"\" type=\"tel\" name=\"your-tel\" \/><\/span><\/label>\n<\/span>\n\n<label> Subject meets apply\n    <span class=\"wpcf7-form-control-wrap\" data-name=\"your-subject\"><input size=\"40\" maxlength=\"400\" class=\"wpcf7-form-control wpcf7-text wpcf7-validates-as-required\" aria-required=\"true\" aria-invalid=\"false\" placeholder=\"Write your subject\" value=\"\" type=\"text\" name=\"your-subject\" \/><\/span> <\/label>\n\n<label> Message\n<span class=\"wpcf7-form-control-wrap\" data-name=\"your-message\"><textarea cols=\"40\" rows=\"10\" maxlength=\"2000\" class=\"wpcf7-form-control wpcf7-textarea\" aria-invalid=\"false\" placeholder=\"Write your message here\" name=\"your-message\"><\/textarea><\/span> <\/label>\n\n<input class=\"wpcf7-form-control wpcf7-submit has-spinner\" type=\"submit\" value=\"Submit\" \/><div class=\"wpcf7-response-output\" aria-hidden=\"true\"><\/div>\n<\/form>\n<\/div>\n\t\t<\/div>\n\n\t\t<div class=\"qt-form__content\">\n\t\t\t<!-- Only an image. -->\n\t\t\t\n\t\t\t<!-- Title and text. -->\n\t\t\t\t\t\t\t<h2>Excited to see that you&#039;re interested in meeting up with us!<\/h2>\n\t\t\t\t<div>\n\t\t\t\t\t<p>You can book a meeting with us and our experienced representatives at Empir Industry, either digitally or on-site at your place. Whether you have specific questions about our products, services, or related topics, we are here to offer answers and guidance to the best of our ability.<\/p>\n<p>Please suggest a time, place, and date that is convenient for you. We will then come back with a proposal that works for both you and us. We are excited about the opportunity to discuss and assist you further in the best way possible.<\/p>\n\t\t\t\t<\/div>\n\t\t\t\n\t\t\t<!-- Repeater with contact information. -->\n\t\t\t\t\t<\/div>\n\t<\/div>\n<\/div>\n\n\n<section class=\"qt-puffs\">\n\t<div class=\"qt-puffs__container\">\n\t\t<h2 class=\"qt-puffs__title\">Why Empir Industry?<\/h2>\n\t\t<div class=\"qt-puffs__content\">\n\t\t\t\t\t\t\t\t\t\t\t\t<div class=\"qt-puffs__item\">\n\t\t\t\t\t\t<div class=\"qt-puffs__item-content\">\n\t\t\t\t\t\t\t<img decoding=\"async\" src=\"https:\/\/empirindustry.se\/wp-content\/uploads\/2024\/05\/Factory.png\" alt=\"Industry in focus since 1999\" class=\"qt-puffs__icon\">\n\n\t\t\t\t\t\t\t<h3 class=\"qt-puffs__item-title\">Industry in focus since 1999<\/h3>\n\n\t\t\t\t\t\t\t<div class=\"qt-puffs__item-text\">\n\t\t\t\t\t\t\t\t<p>Since the start in 1999, IT for the manufacturing industry has been our core business. Our high competence in IT combined with deep knowledge of production and manufacturing makes us unique. With our long experience, we are ready to take you to the next level of smart solutions and efficiency.<\/p>\n\t\t\t\t\t\t\t<\/div>\n\t\t\t\t\t\t<\/div>\n\n\t\t\t\t\t\t<a href=\"https:\/\/empirindustry.se\/en\/about-us\/\" class=\"qt-button qt-button--yellow\">\n\t\t\t\t\t\t\tRead more\t\t\t\t\t\t<\/a>\n\t\t\t\t\t<\/div>\n\t\t\t\t\t\t\t\t\t<div class=\"qt-puffs__item\">\n\t\t\t\t\t\t<div class=\"qt-puffs__item-content\">\n\t\t\t\t\t\t\t<img decoding=\"async\" src=\"https:\/\/empirindustry.se\/wp-content\/uploads\/2024\/05\/Idea-Sharing.png\" alt=\"Always close to expert knowledge\" class=\"qt-puffs__icon\">\n\n\t\t\t\t\t\t\t<h3 class=\"qt-puffs__item-title\">Always close to expert knowledge<\/h3>\n\n\t\t\t\t\t\t\t<div class=\"qt-puffs__item-text\">\n\t\t\t\t\t\t\t\t<p>For us, the collaboration does not end with a delivered IT system or service. Empir Industry becomes a long-term partner who supports and gives advice for operation and further development. In our relationship, the expert knowledge of our IT consultants is always close and available.<\/p>\n\t\t\t\t\t\t\t<\/div>\n\t\t\t\t\t\t<\/div>\n\n\t\t\t\t\t\t<a href=\"https:\/\/empirindustry.se\/en\/about-us\/\" class=\"qt-button qt-button--yellow\">\n\t\t\t\t\t\t\tRead more\t\t\t\t\t\t<\/a>\n\t\t\t\t\t<\/div>\n\t\t\t\t\t\t\t\t\t<div class=\"qt-puffs__item\">\n\t\t\t\t\t\t<div class=\"qt-puffs__item-content\">\n\t\t\t\t\t\t\t<img decoding=\"async\" src=\"https:\/\/empirindustry.se\/wp-content\/uploads\/2024\/05\/Goal.png\" alt=\"With a clear goal\" class=\"qt-puffs__icon\">\n\n\t\t\t\t\t\t\t<h3 class=\"qt-puffs__item-title\">With a clear goal<\/h3>\n\n\t\t\t\t\t\t\t<div class=\"qt-puffs__item-text\">\n\t\t\t\t\t\t\t\t<p>We have the goal of using IT to increase our customers&#8217; competitiveness and thus be able to maintain the manufacturing industry in the Nordics. We develop our products and services to streamline manufacturing processes and create higher availability in production.<\/p>\n\t\t\t\t\t\t\t<\/div>\n\t\t\t\t\t\t<\/div>\n\n\t\t\t\t\t\t<a href=\"https:\/\/empirindustry.se\/en\/about-us\/\" class=\"qt-button qt-button--yellow\">\n\t\t\t\t\t\t\tRead more\t\t\t\t\t\t<\/a>\n\t\t\t\t\t<\/div>\n\t\t\t\t\t\t\t\t\t<\/div>\n\t<\/div>\n<\/section>","protected":false},"excerpt":{"rendered":"","protected":false},"author":1,"featured_media":0,"parent":0,"menu_order":0,"comment_status":"closed","ping_status":"closed","template":"","meta":{"_acf_changed":false,"footnotes":""},"class_list":["post-1122","page","type-page","status-publish","hentry"],"acf":[],"yoast_head":"<!-- This site is optimized with the Yoast SEO Premium plugin v27.3 (Yoast SEO v27.3) - https:\/\/yoast.com\/product\/yoast-seo-premium-wordpress\/ -->\n<title>Book a meeting - Empir Industry<\/title>\n<meta name=\"robots\" content=\"index, follow, max-snippet:-1, max-image-preview:large, max-video-preview:-1\" \/>\n<link rel=\"canonical\" href=\"https:\/\/empirindustry.se\/en\/book-a-meeting\/\" \/>\n<meta property=\"og:locale\" content=\"en_US\" \/>\n<meta property=\"og:type\" content=\"article\" \/>\n<meta property=\"og:title\" content=\"Book a meeting\" \/>\n<meta property=\"og:url\" content=\"https:\/\/empirindustry.se\/en\/book-a-meeting\/\" \/>\n<meta property=\"og:site_name\" content=\"Empir Industry\" \/>\n<meta property=\"article:modified_time\" content=\"2024-06-26T13:24:07+00:00\" \/>\n<meta name=\"twitter:card\" content=\"summary_large_image\" \/>\n<script type=\"application\/ld+json\" class=\"yoast-schema-graph\">{\"@context\":\"https:\\\/\\\/schema.org\",\"@graph\":[{\"@type\":\"WebPage\",\"@id\":\"https:\\\/\\\/empirindustry.se\\\/en\\\/book-a-meeting\\\/\",\"url\":\"https:\\\/\\\/empirindustry.se\\\/en\\\/book-a-meeting\\\/\",\"name\":\"Book a meeting - Empir Industry\",\"isPartOf\":{\"@id\":\"https:\\\/\\\/empirindustry.se\\\/en\\\/#website\"},\"datePublished\":\"2024-05-16T07:42:11+00:00\",\"dateModified\":\"2024-06-26T13:24:07+00:00\",\"breadcrumb\":{\"@id\":\"https:\\\/\\\/empirindustry.se\\\/en\\\/book-a-meeting\\\/#breadcrumb\"},\"inLanguage\":\"en-US\",\"potentialAction\":[{\"@type\":\"ReadAction\",\"target\":[\"https:\\\/\\\/empirindustry.se\\\/en\\\/book-a-meeting\\\/\"]}]},{\"@type\":\"BreadcrumbList\",\"@id\":\"https:\\\/\\\/empirindustry.se\\\/en\\\/book-a-meeting\\\/#breadcrumb\",\"itemListElement\":[{\"@type\":\"ListItem\",\"position\":1,\"name\":\"Home\",\"item\":\"https:\\\/\\\/empirindustry.se\\\/en\\\/\"},{\"@type\":\"ListItem\",\"position\":2,\"name\":\"Book a meeting\"}]},{\"@type\":\"WebSite\",\"@id\":\"https:\\\/\\\/empirindustry.se\\\/en\\\/#website\",\"url\":\"https:\\\/\\\/empirindustry.se\\\/en\\\/\",\"name\":\"Empir Industry\",\"description\":\"\",\"publisher\":{\"@id\":\"https:\\\/\\\/empirindustry.se\\\/en\\\/#organization\"},\"potentialAction\":[{\"@type\":\"SearchAction\",\"target\":{\"@type\":\"EntryPoint\",\"urlTemplate\":\"https:\\\/\\\/empirindustry.se\\\/en\\\/?s={search_term_string}\"},\"query-input\":{\"@type\":\"PropertyValueSpecification\",\"valueRequired\":true,\"valueName\":\"search_term_string\"}}],\"inLanguage\":\"en-US\"},{\"@type\":[\"Organization\",\"Place\"],\"@id\":\"https:\\\/\\\/empirindustry.se\\\/en\\\/#organization\",\"name\":\"Empir Industry\",\"alternateName\":\"Empir\",\"url\":\"https:\\\/\\\/empirindustry.se\\\/en\\\/\",\"logo\":{\"@id\":\"https:\\\/\\\/empirindustry.se\\\/en\\\/book-a-meeting\\\/#local-main-organization-logo\"},\"image\":{\"@id\":\"https:\\\/\\\/empirindustry.se\\\/en\\\/book-a-meeting\\\/#local-main-organization-logo\"},\"sameAs\":[\"https:\\\/\\\/www.linkedin.com\\\/company\\\/empir-industry\\\/\"],\"description\":\"Empir Industry - Vi bygger mjukvara f\u00f6r smarta fabriker Med kompetens inom IT och unik kunskap inom tillverkning, produktion och lager levererar Empir Industry moderna produkter och tj\u00e4nster som effektiviserar produktionen hos tillverkande industri. Vi vet varf\u00f6r. Med ett tydligt varf\u00f6r - att beh\u00e5lla den tillverkande industrin i Norden, utvecklar vi v\u00e5ra tj\u00e4nster. Alla med den gemensamma n\u00e4mnaren att skapa smarta fabriker. V\u00e5ra kunder ska st\u00e4lla h\u00f6ga krav. Lika m\u00e5nga unika l\u00f6sningar vi levererar, lika m\u00e5nga unika behov uppfyller vi. V\u00e5ra kunder \u00e4r tillverkande f\u00f6retag inom vitt skilda omr\u00e5den, det st\u00e4ller h\u00f6ga krav p\u00e5 oss som leverant\u00f6rer. Vi har kunder som verkar inom allt fr\u00e5n fordonsindustrin och resebranschen till verksamheter inom sport och fritid. Med kunder p\u00e5 en internationell marknad bedriver vi v\u00e5r verksamhet fr\u00e5n kontoren i G\u00f6teborg, Uddevalla, Trollh\u00e4ttan, Vara, Sk\u00f6vde, Link\u00f6ping, \u00d6rebro och Olofstr\u00f6m.\",\"legalName\":\"Empir Industry AB\",\"foundingDate\":\"2016-10-17\",\"duns\":\"353014861\",\"numberOfEmployees\":{\"@type\":\"QuantitativeValue\",\"minValue\":\"51\",\"maxValue\":\"200\"},\"telephone\":[],\"openingHoursSpecification\":[{\"@type\":\"OpeningHoursSpecification\",\"dayOfWeek\":[\"Monday\",\"Tuesday\",\"Wednesday\",\"Thursday\",\"Friday\",\"Saturday\",\"Sunday\"],\"opens\":\"09:00\",\"closes\":\"17:00\"}]},{\"@type\":\"ImageObject\",\"inLanguage\":\"en-US\",\"@id\":\"https:\\\/\\\/empirindustry.se\\\/en\\\/book-a-meeting\\\/#local-main-organization-logo\",\"url\":\"https:\\\/\\\/empirindustry.se\\\/wp-content\\\/uploads\\\/2024\\\/10\\\/empir_logo.webp\",\"contentUrl\":\"https:\\\/\\\/empirindustry.se\\\/wp-content\\\/uploads\\\/2024\\\/10\\\/empir_logo.webp\",\"width\":576,\"height\":464,\"caption\":\"Empir Industry\"}]}<\/script>\n<!-- \/ Yoast SEO Premium plugin. -->","yoast_head_json":{"title":"Book a meeting - Empir Industry","robots":{"index":"index","follow":"follow","max-snippet":"max-snippet:-1","max-image-preview":"max-image-preview:large","max-video-preview":"max-video-preview:-1"},"canonical":"https:\/\/empirindustry.se\/en\/book-a-meeting\/","og_locale":"en_US","og_type":"article","og_title":"Book a meeting","og_url":"https:\/\/empirindustry.se\/en\/book-a-meeting\/","og_site_name":"Empir Industry","article_modified_time":"2024-06-26T13:24:07+00:00","twitter_card":"summary_large_image","schema":{"@context":"https:\/\/schema.org","@graph":[{"@type":"WebPage","@id":"https:\/\/empirindustry.se\/en\/book-a-meeting\/","url":"https:\/\/empirindustry.se\/en\/book-a-meeting\/","name":"Book a meeting - Empir Industry","isPartOf":{"@id":"https:\/\/empirindustry.se\/en\/#website"},"datePublished":"2024-05-16T07:42:11+00:00","dateModified":"2024-06-26T13:24:07+00:00","breadcrumb":{"@id":"https:\/\/empirindustry.se\/en\/book-a-meeting\/#breadcrumb"},"inLanguage":"en-US","potentialAction":[{"@type":"ReadAction","target":["https:\/\/empirindustry.se\/en\/book-a-meeting\/"]}]},{"@type":"BreadcrumbList","@id":"https:\/\/empirindustry.se\/en\/book-a-meeting\/#breadcrumb","itemListElement":[{"@type":"ListItem","position":1,"name":"Home","item":"https:\/\/empirindustry.se\/en\/"},{"@type":"ListItem","position":2,"name":"Book a meeting"}]},{"@type":"WebSite","@id":"https:\/\/empirindustry.se\/en\/#website","url":"https:\/\/empirindustry.se\/en\/","name":"Empir Industry","description":"","publisher":{"@id":"https:\/\/empirindustry.se\/en\/#organization"},"potentialAction":[{"@type":"SearchAction","target":{"@type":"EntryPoint","urlTemplate":"https:\/\/empirindustry.se\/en\/?s={search_term_string}"},"query-input":{"@type":"PropertyValueSpecification","valueRequired":true,"valueName":"search_term_string"}}],"inLanguage":"en-US"},{"@type":["Organization","Place"],"@id":"https:\/\/empirindustry.se\/en\/#organization","name":"Empir Industry","alternateName":"Empir","url":"https:\/\/empirindustry.se\/en\/","logo":{"@id":"https:\/\/empirindustry.se\/en\/book-a-meeting\/#local-main-organization-logo"},"image":{"@id":"https:\/\/empirindustry.se\/en\/book-a-meeting\/#local-main-organization-logo"},"sameAs":["https:\/\/www.linkedin.com\/company\/empir-industry\/"],"description":"Empir Industry - Vi bygger mjukvara f\u00f6r smarta fabriker Med kompetens inom IT och unik kunskap inom tillverkning, produktion och lager levererar Empir Industry moderna produkter och tj\u00e4nster som effektiviserar produktionen hos tillverkande industri. Vi vet varf\u00f6r. Med ett tydligt varf\u00f6r - att beh\u00e5lla den tillverkande industrin i Norden, utvecklar vi v\u00e5ra tj\u00e4nster. Alla med den gemensamma n\u00e4mnaren att skapa smarta fabriker. V\u00e5ra kunder ska st\u00e4lla h\u00f6ga krav. Lika m\u00e5nga unika l\u00f6sningar vi levererar, lika m\u00e5nga unika behov uppfyller vi. V\u00e5ra kunder \u00e4r tillverkande f\u00f6retag inom vitt skilda omr\u00e5den, det st\u00e4ller h\u00f6ga krav p\u00e5 oss som leverant\u00f6rer. Vi har kunder som verkar inom allt fr\u00e5n fordonsindustrin och resebranschen till verksamheter inom sport och fritid. Med kunder p\u00e5 en internationell marknad bedriver vi v\u00e5r verksamhet fr\u00e5n kontoren i G\u00f6teborg, Uddevalla, Trollh\u00e4ttan, Vara, Sk\u00f6vde, Link\u00f6ping, \u00d6rebro och Olofstr\u00f6m.","legalName":"Empir Industry AB","foundingDate":"2016-10-17","duns":"353014861","numberOfEmployees":{"@type":"QuantitativeValue","minValue":"51","maxValue":"200"},"telephone":[],"openingHoursSpecification":[{"@type":"OpeningHoursSpecification","dayOfWeek":["Monday","Tuesday","Wednesday","Thursday","Friday","Saturday","Sunday"],"opens":"09:00","closes":"17:00"}]},{"@type":"ImageObject","inLanguage":"en-US","@id":"https:\/\/empirindustry.se\/en\/book-a-meeting\/#local-main-organization-logo","url":"https:\/\/empirindustry.se\/wp-content\/uploads\/2024\/10\/empir_logo.webp","contentUrl":"https:\/\/empirindustry.se\/wp-content\/uploads\/2024\/10\/empir_logo.webp","width":576,"height":464,"caption":"Empir Industry"}]}},"_links":{"self":[{"href":"https:\/\/empirindustry.se\/en\/wp-json\/wp\/v2\/pages\/1122","targetHints":{"allow":["GET"]}}],"collection":[{"href":"https:\/\/empirindustry.se\/en\/wp-json\/wp\/v2\/pages"}],"about":[{"href":"https:\/\/empirindustry.se\/en\/wp-json\/wp\/v2\/types\/page"}],"author":[{"embeddable":true,"href":"https:\/\/empirindustry.se\/en\/wp-json\/wp\/v2\/users\/1"}],"replies":[{"embeddable":true,"href":"https:\/\/empirindustry.se\/en\/wp-json\/wp\/v2\/comments?post=1122"}],"version-history":[{"count":4,"href":"https:\/\/empirindustry.se\/en\/wp-json\/wp\/v2\/pages\/1122\/revisions"}],"predecessor-version":[{"id":1847,"href":"https:\/\/empirindustry.se\/en\/wp-json\/wp\/v2\/pages\/1122\/revisions\/1847"}],"wp:attachment":[{"href":"https:\/\/empirindustry.se\/en\/wp-json\/wp\/v2\/media?parent=1122"}],"curies":[{"name":"wp","href":"https:\/\/api.w.org\/{rel}","templated":true}]}}