{"id":1126,"date":"2024-05-23T07:42:30","date_gmt":"2024-05-23T07:42:30","guid":{"rendered":"https:\/\/empirindustry.se\/industries\/process\/"},"modified":"2025-09-29T09:56:03","modified_gmt":"2025-09-29T09:56:03","slug":"process","status":"publish","type":"page","link":"https:\/\/empirindustry.se\/en\/industries\/process\/","title":{"rendered":"Process"},"content":{"rendered":"\n<header class=\"qt-small-hero-2\">\n\t<p class=\"qt-breadcrumbs\"><span><span><a href=\"https:\/\/empirindustry.se\/en\/\">Home<\/a><\/span><\/span><\/p>\n\t<div class=\"qt-small-hero-2__background \" style=\"background-image: url(https:\/\/empirindustry.se\/wp-content\/uploads\/2024\/05\/Empir_mes_factory.jpg)\">\n\t<\/div>\n\n\t\n\t<div class=\"qt-small-hero-2__wrapper\">\n\t\t<div class=\"qt-small-hero-2__text-container\">\n\t\t\t\t\t\t\t<h1 class=\"qt-small-hero-2__title\" >\n\t\t\t\t\tProcess\t\t\t\t<\/h1>\n\t\t\t\n\t\t\t<hr class=\"qt-small-hero-2__seperator\"\/>\n\t\t\t<div>\n                \t\t\t<\/div>\n\n\t\t\t\t\t\t\t\t<a href=\"https:\/\/empirindustry.se\/en\/contact-us\/\" class=\"qt-button qt-button--yellow\">\n\t\t\tGet started!\t\t\t<\/a>\n\t\t\t\t\t<\/div>\n\t<\/div>\n<\/header>\n\n\n<div class=\"qt-submenu\">\n\t<div class=\"qt-submenu__wrapper\">\n\t\t<ul class=\"qt-submenu__list\">\n\t\t\t\t\t\t\t\t\t\t\t\t<li class=\"qt-submenu__item\">\n\t\t\t\t\t\t<a\n\t\t\t\t\t\t\thref=\"https:\/\/empirindustry.se\/en\/industries\/process\/\"\n\t\t\t\t\t\t\tclass=\"qt-submenu__link qt-submenu__link--current\"\n\t\t\t\t\t\t>\n\t\t\t\t\t\t\tProcess\t\t\t\t\t\t<\/a>\n\t\t\t\t\t<\/li>\n\t\t\t\t\t\t\t\t\t<li class=\"qt-submenu__item\">\n\t\t\t\t\t\t<a\n\t\t\t\t\t\t\thref=\"https:\/\/empirindustry.se\/en\/industries\/production\/\"\n\t\t\t\t\t\t\tclass=\"qt-submenu__link \"\n\t\t\t\t\t\t>\n\t\t\t\t\t\t\tManufacturing\t\t\t\t\t\t<\/a>\n\t\t\t\t\t<\/li>\n\t\t\t\t\t\t\t\t\t<li class=\"qt-submenu__item\">\n\t\t\t\t\t\t<a\n\t\t\t\t\t\t\thref=\"https:\/\/empirindustry.se\/en\/industries\/robotic-warehouse\/\"\n\t\t\t\t\t\t\tclass=\"qt-submenu__link \"\n\t\t\t\t\t\t>\n\t\t\t\t\t\t\tRobotic warehouse\t\t\t\t\t\t<\/a>\n\t\t\t\t\t<\/li>\n\t\t\t\t\t\t\t\t\t<\/ul>\n\t<\/div>\n<\/div>\n\n\n<div class=\"qt-text-w-image qt-text-w-image--right qt-text-w-image--white qt-padding--top-medium qt-padding--bottom-medium\">\n\t<div class=\"qt-text-w-image__left\">\n\t\t<div class=\"qt-text-w-image__image \">\n\t\t\t<img\n\t\t\t\tsrc=\"https:\/\/empirindustry.se\/wp-content\/uploads\/2024\/04\/empir_industry_samarbete.jpg\"\n\t\t\t\talt=\"\"\n\t\t\t\/>\n\n\t\t\t\t\t<\/div>\n\t<\/div>\n\n\t<div class=\"qt-text-w-image__right\">\n\t\t<h2 class=\"qt-text-w-image__title\">\n\t\t\tDigitalization that strengthens your processes\t\t<\/h2>\n\n\t\t<div class=\"qt-text-w-image__text\">\n\t\t\t<p>Med r\u00e4tt insatser och st\u00f6d f\u00e5r du en effektiv produktion som f\u00f6rblir l\u00f6nsam. D\u00e4rf\u00f6r erbjuder vi trygg konsulterande expertis inom digitalisering. Men ocks\u00e5 TRUE MES \u2013 en skalbar plattform f\u00f6r effektiv styrning och flexibel recepthantering med full kontroll p\u00e5 dosering, blandning och provtagning. TRUE MES loggar \u00e4ven allt som sker, vilket ger dig:<\/p>\n<ul class=\"checkmark-list\">\n<li>Tillg\u00e5ng till sp\u00e5rbarhetsdata f\u00f6r varje produktionsbatch.<\/li>\n<li>M\u00f6jlighet till driftsuppf\u00f6ljning.<\/li>\n<\/ul>\n<p><em>True digitalization,<\/em> helt enkelt!<\/p>\n\t\t<\/div>\n\n\t\t<div class=\"qt-text-w-image__cta\">\n\t\t\t\t\t\t\t\t\t\t\t\t\t\t\t\t\t<a\n\t\t\t\t\t\thref=\"https:\/\/empirindustry.se\/contact-us\/\"\n\t\t\t\t\t\ttarget=\"\"\n\t\t\t\t\t\tclass=\"qt-text-w-image__cta-link qt-button qt-button--yellow\"\n\t\t\t\t\t>\n\t\t\t\t\t\tBook an meeting, and we&#039;ll tell you more\t\t\t\t\t<\/a>\n\t\t\t\t\t\t\t\t\t<\/div>\n\t<\/div>\n<\/div>\n\n\n<div class=\"qt-related-content qt-related-content--light-grey\">\n\t<div class=\"qt-related-content__wrapper\">\n\t\t<h2 class=\"qt-related-content__title\">\n\t\t\tHere&#039;s how we streamline your production:\t\t<\/h2>\n\n\t\t\t\t\t<div class=\"qt-related-content__grid\">\n\t\t\t\t\t\t\t\t\t\t\t\t\t\t\t<div class=\"qt-related-content__card\">\n\t\t\t\t\t\t\t<div>\n\t\t\t\t\t\t\t\t<a href=\"https:\/\/empirindustry.se\/en\/products-services\/true-mes\/\" class=\"qt-related-content__image\">\n\t\t\t\t\t\t\t\t\t\t\t\t\t\t\t\t\t\t\t\t\t\t\t\t\t\t\t\t\t\t<img\n\t\t\t\t\t\t\t\t\t\t\t\tclass=\"\"\n\t\t\t\t\t\t\t\t\t\t\t\tsrc=\"https:\/\/empirindustry.se\/wp-content\/uploads\/2024\/04\/empir_industry_factory.jpg\"\n\t\t\t\t\t\t\t\t\t\t\t\talt=\"Namnl\u00f6s design - 6\"\n\t\t\t\t\t\t\t\t\t\t\t>\n\t\t\t\t\t\t\t\t\t\t\t\t\t\t\t\t\t\t\t\n\t\t\t\t\t\t\t\t\t\t\t\t\t\t\t\t\t<\/a>\n\n\t\t\t\t\t\t\t\t<h3>\n\t\t\t\t\t\t\t\t\tTRUE MES\t\t\t\t\t\t\t\t<\/h3>\n\n\t\t\t\t\t\t\t\t<div>\n\t\t\t\t\t\t\t\t\tOptimize your manufacturing process with our advanced MES system that optimizes production flow and increases efficiency.\t\t\t\t\t\t\t\t<\/div>\n\t\t\t\t\t\t\t<\/div>\n\n\t\t\t\t\t\t\t<a href=\"https:\/\/empirindustry.se\/en\/products-services\/true-mes\/\" class=\"qt-button qt-button--yellow\">\n\t\t\t\t\t\t\t\tRead more\t\t\t\t\t\t\t<\/a>\n\t\t\t\t\t\t<\/div>\n\t\t\t\t\t\t\t\t\t\t\t\t\t\t\t\t\t\t\t\t\t\t\t\t\t\t<div class=\"qt-related-content__card\">\n\t\t\t\t\t\t\t<div>\n\t\t\t\t\t\t\t\t<a href=\"https:\/\/empirindustry.se\/en\/products-services\/true-insight\/\" class=\"qt-related-content__image\">\n\t\t\t\t\t\t\t\t\t\t\t\t\t\t\t\t\t\t\t\t\t\t\t\t\t\t\t\t\t\t<img\n\t\t\t\t\t\t\t\t\t\t\t\tclass=\"\"\n\t\t\t\t\t\t\t\t\t\t\t\tsrc=\"https:\/\/empirindustry.se\/wp-content\/uploads\/2024\/04\/empir_industry_worker_digitalwork.jpg\"\n\t\t\t\t\t\t\t\t\t\t\t\talt=\"Namnl\u00f6s design - 4\"\n\t\t\t\t\t\t\t\t\t\t\t>\n\t\t\t\t\t\t\t\t\t\t\t\t\t\t\t\t\t\t\t\n\t\t\t\t\t\t\t\t\t\t\t\t\t\t\t\t\t<\/a>\n\n\t\t\t\t\t\t\t\t<h3>\n\t\t\t\t\t\t\t\t\tTRUE Insight\t\t\t\t\t\t\t\t<\/h3>\n\n\t\t\t\t\t\t\t\t<div>\n\t\t\t\t\t\t\t\t\tOur in-depth analyzes identify opportunities for improvement and efficiency in your production.\t\t\t\t\t\t\t\t<\/div>\n\t\t\t\t\t\t\t<\/div>\n\n\t\t\t\t\t\t\t<a href=\"https:\/\/empirindustry.se\/en\/products-services\/true-insight\/\" class=\"qt-button qt-button--yellow\">\n\t\t\t\t\t\t\t\tRead more\t\t\t\t\t\t\t<\/a>\n\t\t\t\t\t\t<\/div>\n\t\t\t\t\t\t\t\t\t\t\t\t\t\t\t\t\t\t\t\t\t\t\t\t\t\t<div class=\"qt-related-content__card\">\n\t\t\t\t\t\t\t<div>\n\t\t\t\t\t\t\t\t<a href=\"https:\/\/empirindustry.se\/en\/products-services\/true-factory-support\/\" class=\"qt-related-content__image\">\n\t\t\t\t\t\t\t\t\t\t\t\t\t\t\t\t\t\t\t\t\t\t\t\t\t\t\t\t\t\t<img\n\t\t\t\t\t\t\t\t\t\t\t\tclass=\"\"\n\t\t\t\t\t\t\t\t\t\t\t\tsrc=\"https:\/\/empirindustry.se\/wp-content\/uploads\/2024\/04\/empir_industry_samarbete.jpg\"\n\t\t\t\t\t\t\t\t\t\t\t\talt=\"Namnl\u00f6s design - 7\"\n\t\t\t\t\t\t\t\t\t\t\t>\n\t\t\t\t\t\t\t\t\t\t\t\t\t\t\t\t\t\t\t\n\t\t\t\t\t\t\t\t\t\t\t\t\t\t\t\t\t<\/a>\n\n\t\t\t\t\t\t\t\t<h3>\n\t\t\t\t\t\t\t\t\tTRUE IT\/OT Support\t\t\t\t\t\t\t\t<\/h3>\n\n\t\t\t\t\t\t\t\t<div>\n\t\t\t\t\t\t\t\t\tGet peace of mind and fast assistance for your factory with our professional support service available to solve problems and provide guidance when you need it most.\t\t\t\t\t\t\t\t<\/div>\n\t\t\t\t\t\t\t<\/div>\n\n\t\t\t\t\t\t\t<a href=\"https:\/\/empirindustry.se\/en\/products-services\/true-factory-support\/\" class=\"qt-button qt-button--yellow\">\n\t\t\t\t\t\t\t\tRead more\t\t\t\t\t\t\t<\/a>\n\t\t\t\t\t\t<\/div>\n\t\t\t\t\t\t\t\t\t\t\t\t\t\t\t\t\t\t<\/div>\n\t\t\t<\/div>\n<\/div>\n\n\n<div class=\"qt-related-content qt-related-content--white\">\n\t<div class=\"qt-related-content__wrapper\">\n\t\t<h2 class=\"qt-related-content__title\">\n\t\t\tRelated customer references\t\t<\/h2>\n\n\t\t\t\t\t<div class=\"qt-related-content__grid\">\n\t\t\t\t\t\t\t\t\t\t\t\t\t\t\t<div class=\"qt-related-content__card\">\n\t\t\t\t\t\t\t<div>\n\t\t\t\t\t\t\t\t<a href=\"https:\/\/empirindustry.se\/en\/references\/scanpac\/\" class=\"qt-related-content__image\">\n\t\t\t\t\t\t\t\t\t\t\t\t\t\t\t\t\t\t\t<img\n\t\t\t\t\t\t\t\t\t\t\tclass=\"qt-is-greyscale\"\n\t\t\t\t\t\t\t\t\t\t\tsrc=\"https:\/\/empirindustry.se\/wp-content\/uploads\/2024\/06\/scanspac.png\"\n\t\t\t\t\t\t\t\t\t\t\talt=\"\"\n\t\t\t\t\t\t\t\t\t\t>\n\t\t\t\t\t\t\t\t\t\n\t\t\t\t\t\t\t\t\t\t\t\t\t\t\t\t\t\t\t<div class=\"qt-linear-overlay\"><\/div>\n\t\t\t\t\t\t\t\t\t\t\t\t\t\t\t\t\t<\/a>\n\n\t\t\t\t\t\t\t\t<h3>\n\t\t\t\t\t\t\t\t\tScanspac\t\t\t\t\t\t\t\t<\/h3>\n\n\t\t\t\t\t\t\t\t<div>\n\t\t\t\t\t\t\t\t\tRead more about what Tomas Eriksson, supply chain officer, for putty manufacturing in Scanspac&#039;s factory in Glanshammar, says about our work to implement a new MES system for the process.\t\t\t\t\t\t\t\t<\/div>\n\t\t\t\t\t\t\t<\/div>\n\n\t\t\t\t\t\t\t<a href=\"https:\/\/empirindustry.se\/en\/references\/scanpac\/\" class=\"qt-button qt-button--yellow\">\n\t\t\t\t\t\t\t\tRead more\t\t\t\t\t\t\t<\/a>\n\t\t\t\t\t\t<\/div>\n\t\t\t\t\t\t\t\t\t\t\t\t\t\t\t\t\t\t\t\t\t\t\t\t\t\t<div class=\"qt-related-content__card\">\n\t\t\t\t\t\t\t<div>\n\t\t\t\t\t\t\t\t<a href=\"https:\/\/empirindustry.se\/en\/references\/pagen\/\" class=\"qt-related-content__image\">\n\t\t\t\t\t\t\t\t\t\t\t\t\t\t\t\t\t\t\t<img\n\t\t\t\t\t\t\t\t\t\t\tclass=\"qt-is-greyscale\"\n\t\t\t\t\t\t\t\t\t\t\tsrc=\"https:\/\/empirindustry.se\/wp-content\/uploads\/2024\/05\/pagen.png\"\n\t\t\t\t\t\t\t\t\t\t\talt=\"\"\n\t\t\t\t\t\t\t\t\t\t>\n\t\t\t\t\t\t\t\t\t\n\t\t\t\t\t\t\t\t\t\t\t\t\t\t\t\t\t\t\t<div class=\"qt-linear-overlay\"><\/div>\n\t\t\t\t\t\t\t\t\t\t\t\t\t\t\t\t\t<\/a>\n\n\t\t\t\t\t\t\t\t<h3>\n\t\t\t\t\t\t\t\t\tP\u00e5gen\t\t\t\t\t\t\t\t<\/h3>\n\n\t\t\t\t\t\t\t\t<div>\n\t\t\t\t\t\t\t\t\tAt P\u00e5gen&#039;s bakery in Malm\u00f6, capacity will increase through an investment in a completely new solution for customer order picking. Empir Industry delivers the digital part, Manufacturing Execution System, MES for the expansion of the bakery&#039;s customer order pick together with Teamster AB, which has the overall commitment.\t\t\t\t\t\t\t\t<\/div>\n\t\t\t\t\t\t\t<\/div>\n\n\t\t\t\t\t\t\t<a href=\"https:\/\/empirindustry.se\/en\/references\/pagen\/\" class=\"qt-button qt-button--yellow\">\n\t\t\t\t\t\t\t\tRead more\t\t\t\t\t\t\t<\/a>\n\t\t\t\t\t\t<\/div>\n\t\t\t\t\t\t\t\t\t\t\t\t\t\t\t\t\t\t<\/div>\n\t\t\t<\/div>\n<\/div>\n\n\n<div class=\"qt-cta\">\n\t<div class=\"qt-cta__wrapper\">\n\t\t<h2 class=\"qt-cta__title\">\n\t\t\tGet started!\t\t<\/h2>\n\n\t\t<div class=\"qt-cta__text\">\n            <p>Contact us to get answers to all your questions, the IT support you need, and deeper insight into our products and services.<\/p>\n\t\t<\/div>\n\n\t\t\t\t<a href=\"https:\/\/empirindustry.se\/en\/contact-us\/\" class=\"qt-button qt-button--yellow\">\n\t\t\tContact us\t\t<\/a>\n\t<\/div>\n<\/div>","protected":false},"excerpt":{"rendered":"","protected":false},"author":1,"featured_media":0,"parent":1057,"menu_order":0,"comment_status":"closed","ping_status":"closed","template":"","meta":{"_acf_changed":false,"footnotes":""},"class_list":["post-1126","page","type-page","status-publish","hentry"],"acf":[],"yoast_head":"<!-- This site is optimized with the Yoast SEO Premium plugin v27.4 (Yoast SEO v27.4) - https:\/\/yoast.com\/product\/yoast-seo-premium-wordpress\/ -->\n<title>Process - Empir Industry<\/title>\n<meta name=\"robots\" content=\"index, follow, max-snippet:-1, max-image-preview:large, max-video-preview:-1\" \/>\n<link rel=\"canonical\" href=\"https:\/\/empirindustry.se\/en\/industries\/process\/\" \/>\n<meta property=\"og:locale\" content=\"en_US\" \/>\n<meta property=\"og:type\" content=\"article\" \/>\n<meta property=\"og:title\" content=\"Process\" \/>\n<meta property=\"og:url\" content=\"https:\/\/empirindustry.se\/en\/industries\/process\/\" \/>\n<meta property=\"og:site_name\" content=\"Empir Industry\" \/>\n<meta property=\"article:modified_time\" content=\"2025-09-29T09:56:03+00:00\" \/>\n<meta name=\"twitter:card\" content=\"summary_large_image\" \/>\n<meta name=\"twitter:label1\" content=\"Est. reading time\" \/>\n\t<meta name=\"twitter:data1\" content=\"1 minute\" \/>\n<script type=\"application\/ld+json\" class=\"yoast-schema-graph\">{\"@context\":\"https:\\\/\\\/schema.org\",\"@graph\":[{\"@type\":\"WebPage\",\"@id\":\"https:\\\/\\\/empirindustry.se\\\/en\\\/industries\\\/process\\\/\",\"url\":\"https:\\\/\\\/empirindustry.se\\\/en\\\/industries\\\/process\\\/\",\"name\":\"Process - Empir Industry\",\"isPartOf\":{\"@id\":\"https:\\\/\\\/empirindustry.se\\\/en\\\/#website\"},\"datePublished\":\"2024-05-23T07:42:30+00:00\",\"dateModified\":\"2025-09-29T09:56:03+00:00\",\"breadcrumb\":{\"@id\":\"https:\\\/\\\/empirindustry.se\\\/en\\\/industries\\\/process\\\/#breadcrumb\"},\"inLanguage\":\"en-US\",\"potentialAction\":[{\"@type\":\"ReadAction\",\"target\":[\"https:\\\/\\\/empirindustry.se\\\/en\\\/industries\\\/process\\\/\"]}]},{\"@type\":\"BreadcrumbList\",\"@id\":\"https:\\\/\\\/empirindustry.se\\\/en\\\/industries\\\/process\\\/#breadcrumb\",\"itemListElement\":[{\"@type\":\"ListItem\",\"position\":1,\"name\":\"Home\",\"item\":\"https:\\\/\\\/empirindustry.se\\\/en\\\/\"},{\"@type\":\"ListItem\",\"position\":2,\"name\":\"Industries\",\"item\":\"https:\\\/\\\/empirindustry.se\\\/en\\\/industries\\\/\"},{\"@type\":\"ListItem\",\"position\":3,\"name\":\"Process\"}]},{\"@type\":\"WebSite\",\"@id\":\"https:\\\/\\\/empirindustry.se\\\/en\\\/#website\",\"url\":\"https:\\\/\\\/empirindustry.se\\\/en\\\/\",\"name\":\"Empir Industry\",\"description\":\"\",\"publisher\":{\"@id\":\"https:\\\/\\\/empirindustry.se\\\/en\\\/#organization\"},\"potentialAction\":[{\"@type\":\"SearchAction\",\"target\":{\"@type\":\"EntryPoint\",\"urlTemplate\":\"https:\\\/\\\/empirindustry.se\\\/en\\\/?s={search_term_string}\"},\"query-input\":{\"@type\":\"PropertyValueSpecification\",\"valueRequired\":true,\"valueName\":\"search_term_string\"}}],\"inLanguage\":\"en-US\"},{\"@type\":[\"Organization\",\"Place\"],\"@id\":\"https:\\\/\\\/empirindustry.se\\\/en\\\/#organization\",\"name\":\"Empir Industry\",\"alternateName\":\"Empir\",\"url\":\"https:\\\/\\\/empirindustry.se\\\/en\\\/\",\"logo\":{\"@id\":\"https:\\\/\\\/empirindustry.se\\\/en\\\/industries\\\/process\\\/#local-main-organization-logo\"},\"image\":{\"@id\":\"https:\\\/\\\/empirindustry.se\\\/en\\\/industries\\\/process\\\/#local-main-organization-logo\"},\"sameAs\":[\"https:\\\/\\\/www.linkedin.com\\\/company\\\/empir-industry\\\/\"],\"description\":\"Empir Industry - Vi bygger mjukvara f\u00f6r smarta fabriker Med kompetens inom IT och unik kunskap inom tillverkning, produktion och lager levererar Empir Industry moderna produkter och tj\u00e4nster som effektiviserar produktionen hos tillverkande industri. Vi vet varf\u00f6r. Med ett tydligt varf\u00f6r - att beh\u00e5lla den tillverkande industrin i Norden, utvecklar vi v\u00e5ra tj\u00e4nster. Alla med den gemensamma n\u00e4mnaren att skapa smarta fabriker. V\u00e5ra kunder ska st\u00e4lla h\u00f6ga krav. Lika m\u00e5nga unika l\u00f6sningar vi levererar, lika m\u00e5nga unika behov uppfyller vi. V\u00e5ra kunder \u00e4r tillverkande f\u00f6retag inom vitt skilda omr\u00e5den, det st\u00e4ller h\u00f6ga krav p\u00e5 oss som leverant\u00f6rer. Vi har kunder som verkar inom allt fr\u00e5n fordonsindustrin och resebranschen till verksamheter inom sport och fritid. Med kunder p\u00e5 en internationell marknad bedriver vi v\u00e5r verksamhet fr\u00e5n kontoren i G\u00f6teborg, Uddevalla, Trollh\u00e4ttan, Vara, Sk\u00f6vde, Link\u00f6ping, \u00d6rebro och Olofstr\u00f6m.\",\"legalName\":\"Empir Industry AB\",\"foundingDate\":\"2016-10-17\",\"duns\":\"353014861\",\"numberOfEmployees\":{\"@type\":\"QuantitativeValue\",\"minValue\":\"51\",\"maxValue\":\"200\"},\"telephone\":[],\"openingHoursSpecification\":[{\"@type\":\"OpeningHoursSpecification\",\"dayOfWeek\":[\"Monday\",\"Tuesday\",\"Wednesday\",\"Thursday\",\"Friday\",\"Saturday\",\"Sunday\"],\"opens\":\"09:00\",\"closes\":\"17:00\"}]},{\"@type\":\"ImageObject\",\"inLanguage\":\"en-US\",\"@id\":\"https:\\\/\\\/empirindustry.se\\\/en\\\/industries\\\/process\\\/#local-main-organization-logo\",\"url\":\"https:\\\/\\\/empirindustry.se\\\/wp-content\\\/uploads\\\/2024\\\/10\\\/empir_logo.webp\",\"contentUrl\":\"https:\\\/\\\/empirindustry.se\\\/wp-content\\\/uploads\\\/2024\\\/10\\\/empir_logo.webp\",\"width\":576,\"height\":464,\"caption\":\"Empir Industry\"}]}<\/script>\n<!-- \/ Yoast SEO Premium plugin. -->","yoast_head_json":{"title":"Process - Empir Industry","robots":{"index":"index","follow":"follow","max-snippet":"max-snippet:-1","max-image-preview":"max-image-preview:large","max-video-preview":"max-video-preview:-1"},"canonical":"https:\/\/empirindustry.se\/en\/industries\/process\/","og_locale":"en_US","og_type":"article","og_title":"Process","og_url":"https:\/\/empirindustry.se\/en\/industries\/process\/","og_site_name":"Empir Industry","article_modified_time":"2025-09-29T09:56:03+00:00","twitter_card":"summary_large_image","twitter_misc":{"Est. reading time":"1 minute"},"schema":{"@context":"https:\/\/schema.org","@graph":[{"@type":"WebPage","@id":"https:\/\/empirindustry.se\/en\/industries\/process\/","url":"https:\/\/empirindustry.se\/en\/industries\/process\/","name":"Process - Empir Industry","isPartOf":{"@id":"https:\/\/empirindustry.se\/en\/#website"},"datePublished":"2024-05-23T07:42:30+00:00","dateModified":"2025-09-29T09:56:03+00:00","breadcrumb":{"@id":"https:\/\/empirindustry.se\/en\/industries\/process\/#breadcrumb"},"inLanguage":"en-US","potentialAction":[{"@type":"ReadAction","target":["https:\/\/empirindustry.se\/en\/industries\/process\/"]}]},{"@type":"BreadcrumbList","@id":"https:\/\/empirindustry.se\/en\/industries\/process\/#breadcrumb","itemListElement":[{"@type":"ListItem","position":1,"name":"Home","item":"https:\/\/empirindustry.se\/en\/"},{"@type":"ListItem","position":2,"name":"Industries","item":"https:\/\/empirindustry.se\/en\/industries\/"},{"@type":"ListItem","position":3,"name":"Process"}]},{"@type":"WebSite","@id":"https:\/\/empirindustry.se\/en\/#website","url":"https:\/\/empirindustry.se\/en\/","name":"Empir Industry","description":"","publisher":{"@id":"https:\/\/empirindustry.se\/en\/#organization"},"potentialAction":[{"@type":"SearchAction","target":{"@type":"EntryPoint","urlTemplate":"https:\/\/empirindustry.se\/en\/?s={search_term_string}"},"query-input":{"@type":"PropertyValueSpecification","valueRequired":true,"valueName":"search_term_string"}}],"inLanguage":"en-US"},{"@type":["Organization","Place"],"@id":"https:\/\/empirindustry.se\/en\/#organization","name":"Empir Industry","alternateName":"Empir","url":"https:\/\/empirindustry.se\/en\/","logo":{"@id":"https:\/\/empirindustry.se\/en\/industries\/process\/#local-main-organization-logo"},"image":{"@id":"https:\/\/empirindustry.se\/en\/industries\/process\/#local-main-organization-logo"},"sameAs":["https:\/\/www.linkedin.com\/company\/empir-industry\/"],"description":"Empir Industry - Vi bygger mjukvara f\u00f6r smarta fabriker Med kompetens inom IT och unik kunskap inom tillverkning, produktion och lager levererar Empir Industry moderna produkter och tj\u00e4nster som effektiviserar produktionen hos tillverkande industri. Vi vet varf\u00f6r. Med ett tydligt varf\u00f6r - att beh\u00e5lla den tillverkande industrin i Norden, utvecklar vi v\u00e5ra tj\u00e4nster. Alla med den gemensamma n\u00e4mnaren att skapa smarta fabriker. V\u00e5ra kunder ska st\u00e4lla h\u00f6ga krav. Lika m\u00e5nga unika l\u00f6sningar vi levererar, lika m\u00e5nga unika behov uppfyller vi. V\u00e5ra kunder \u00e4r tillverkande f\u00f6retag inom vitt skilda omr\u00e5den, det st\u00e4ller h\u00f6ga krav p\u00e5 oss som leverant\u00f6rer. Vi har kunder som verkar inom allt fr\u00e5n fordonsindustrin och resebranschen till verksamheter inom sport och fritid. Med kunder p\u00e5 en internationell marknad bedriver vi v\u00e5r verksamhet fr\u00e5n kontoren i G\u00f6teborg, Uddevalla, Trollh\u00e4ttan, Vara, Sk\u00f6vde, Link\u00f6ping, \u00d6rebro och Olofstr\u00f6m.","legalName":"Empir Industry AB","foundingDate":"2016-10-17","duns":"353014861","numberOfEmployees":{"@type":"QuantitativeValue","minValue":"51","maxValue":"200"},"telephone":[],"openingHoursSpecification":[{"@type":"OpeningHoursSpecification","dayOfWeek":["Monday","Tuesday","Wednesday","Thursday","Friday","Saturday","Sunday"],"opens":"09:00","closes":"17:00"}]},{"@type":"ImageObject","inLanguage":"en-US","@id":"https:\/\/empirindustry.se\/en\/industries\/process\/#local-main-organization-logo","url":"https:\/\/empirindustry.se\/wp-content\/uploads\/2024\/10\/empir_logo.webp","contentUrl":"https:\/\/empirindustry.se\/wp-content\/uploads\/2024\/10\/empir_logo.webp","width":576,"height":464,"caption":"Empir Industry"}]}},"_links":{"self":[{"href":"https:\/\/empirindustry.se\/en\/wp-json\/wp\/v2\/pages\/1126","targetHints":{"allow":["GET"]}}],"collection":[{"href":"https:\/\/empirindustry.se\/en\/wp-json\/wp\/v2\/pages"}],"about":[{"href":"https:\/\/empirindustry.se\/en\/wp-json\/wp\/v2\/types\/page"}],"author":[{"embeddable":true,"href":"https:\/\/empirindustry.se\/en\/wp-json\/wp\/v2\/users\/1"}],"replies":[{"embeddable":true,"href":"https:\/\/empirindustry.se\/en\/wp-json\/wp\/v2\/comments?post=1126"}],"version-history":[{"count":21,"href":"https:\/\/empirindustry.se\/en\/wp-json\/wp\/v2\/pages\/1126\/revisions"}],"predecessor-version":[{"id":4566,"href":"https:\/\/empirindustry.se\/en\/wp-json\/wp\/v2\/pages\/1126\/revisions\/4566"}],"up":[{"embeddable":true,"href":"https:\/\/empirindustry.se\/en\/wp-json\/wp\/v2\/pages\/1057"}],"wp:attachment":[{"href":"https:\/\/empirindustry.se\/en\/wp-json\/wp\/v2\/media?parent=1126"}],"curies":[{"name":"wp","href":"https:\/\/api.w.org\/{rel}","templated":true}]}}